{"id":57,"date":"2024-04-09T17:06:36","date_gmt":"2024-04-09T17:06:36","guid":{"rendered":"https:\/\/classic2you.com\/?page_id=57"},"modified":"2025-04-30T09:47:53","modified_gmt":"2025-04-30T09:47:53","slug":"blog","status":"publish","type":"page","link":"https:\/\/classic2you.com\/es\/inicio\/blog\/","title":{"rendered":"Blog"},"content":{"rendered":"<div data-elementor-type=\"wp-page\" data-elementor-id=\"57\" class=\"elementor elementor-57\">\n\t\t\t\t<div class=\"has_eae_slider elementor-element elementor-element-4d11e25a e-con-full elementor-hidden-tablet elementor-hidden-mobile e-flex wpr-particle-no wpr-jarallax-no wpr-parallax-no wpr-sticky-section-no wpr-equal-height-no elementor-invisible e-con e-parent\" data-eae-slider=\"9421\" data-id=\"4d11e25a\" data-element_type=\"container\" data-e-type=\"container\" data-settings=\"{&quot;background_background&quot;:&quot;classic&quot;,&quot;animation&quot;:&quot;fadeInDown&quot;}\">\n\t\t<div class=\"has_eae_slider elementor-element elementor-element-329b63ce e-con-full e-flex wpr-particle-no wpr-jarallax-no wpr-parallax-no wpr-sticky-section-no wpr-equal-height-no e-con e-child\" data-eae-slider=\"90255\" data-id=\"329b63ce\" data-element_type=\"container\" data-e-type=\"container\" data-settings=\"{&quot;background_background&quot;:&quot;classic&quot;}\">\n\t\t\t\t<div class=\"elementor-element elementor-element-40f05328 elementor-invisible elementor-widget elementor-widget-heading\" data-id=\"40f05328\" data-element_type=\"widget\" data-e-type=\"widget\" data-settings=\"{&quot;_animation&quot;:&quot;fadeInDown&quot;,&quot;_animation_delay&quot;:500}\" data-widget_type=\"heading.default\">\n\t\t\t\t<div class=\"elementor-widget-container\">\n\t\t\t\t\t<h2 class=\"elementor-heading-title elementor-size-default\">Classic2you<\/h2>\t\t\t\t<\/div>\n\t\t\t\t<\/div>\n\t\t\t\t<div class=\"elementor-element elementor-element-3f38eedc elementor-widget-divider--view-line elementor-widget elementor-widget-divider\" data-id=\"3f38eedc\" data-element_type=\"widget\" data-e-type=\"widget\" data-widget_type=\"divider.default\">\n\t\t\t\t<div class=\"elementor-widget-container\">\n\t\t\t\t\t\t\t<div class=\"elementor-divider\">\n\t\t\t<span class=\"elementor-divider-separator\">\n\t\t\t\t\t\t<\/span>\n\t\t<\/div>\n\t\t\t\t\t\t<\/div>\n\t\t\t\t<\/div>\n\t\t\t\t<div class=\"elementor-element elementor-element-84373d7 elementor-invisible elementor-widget elementor-widget-heading\" data-id=\"84373d7\" data-element_type=\"widget\" data-e-type=\"widget\" data-settings=\"{&quot;_animation&quot;:&quot;fadeInUp&quot;,&quot;_animation_delay&quot;:700}\" data-widget_type=\"heading.default\">\n\t\t\t\t<div class=\"elementor-widget-container\">\n\t\t\t\t\t<h2 class=\"elementor-heading-title elementor-size-default\">Blog<\/h2>\t\t\t\t<\/div>\n\t\t\t\t<\/div>\n\t\t\t\t<\/div>\n\t\t<div class=\"has_eae_slider elementor-element elementor-element-5d76b4ce e-con-full e-flex wpr-particle-no wpr-jarallax-no wpr-parallax-no wpr-sticky-section-no wpr-equal-height-no e-con e-child\" data-eae-slider=\"64773\" data-id=\"5d76b4ce\" data-element_type=\"container\" data-e-type=\"container\" data-settings=\"{&quot;background_background&quot;:&quot;classic&quot;}\">\n\t\t\t\t<div class=\"elementor-element elementor-element-656ce6ed elementor-widget elementor-widget-spacer\" data-id=\"656ce6ed\" data-element_type=\"widget\" data-e-type=\"widget\" data-widget_type=\"spacer.default\">\n\t\t\t\t<div class=\"elementor-widget-container\">\n\t\t\t\t\t\t\t<div class=\"elementor-spacer\">\n\t\t\t<div class=\"elementor-spacer-inner\"><\/div>\n\t\t<\/div>\n\t\t\t\t\t\t<\/div>\n\t\t\t\t<\/div>\n\t\t\t\t<\/div>\n\t\t\t\t<\/div>\n\t\t\t\t<section class=\"has_eae_slider elementor-section elementor-top-section elementor-element elementor-element-731847a elementor-section-content-middle elementor-section-boxed elementor-section-height-default elementor-section-height-default wpr-particle-no wpr-jarallax-no wpr-parallax-no wpr-sticky-section-no wpr-equal-height-no\" data-eae-slider=\"32635\" data-id=\"731847a\" data-element_type=\"section\" data-e-type=\"section\" data-settings=\"{&quot;background_background&quot;:&quot;classic&quot;}\">\n\t\t\t\t\t\t\t<div class=\"elementor-background-overlay\"><\/div>\n\t\t\t\t\t\t\t<div class=\"elementor-container elementor-column-gap-no\">\n\t\t\t\t\t<div class=\"has_eae_slider elementor-column elementor-col-100 elementor-top-column elementor-element elementor-element-adb6c34\" data-eae-slider=\"8518\" data-id=\"adb6c34\" data-element_type=\"column\" data-e-type=\"column\">\n\t\t\t<div class=\"elementor-widget-wrap elementor-element-populated\">\n\t\t\t\t\t\t<div class=\"elementor-element elementor-element-07e9d40 meta-visibility-show title_position_default title_hover_border_default title-default img_hover_animation_default meta_position_default tpg-category-position-default readmore-btn-default-style grid-hover-overlay-type-always tpg-el-box-border-enable tpg-border-bottom-disable elementor-widget elementor-widget-tpg-list-layout\" data-id=\"07e9d40\" data-element_type=\"widget\" data-e-type=\"widget\" data-widget_type=\"tpg-list-layout.default\">\n\t\t\t\t<div class=\"elementor-widget-container\">\n\t\t\t\t\t\n        <div class=\"rt-container-fluid rt-tpg-container tpg-el-main-wrapper list-layout1-main\"\n             data-sc-id=\"elementor\"\n             id=\"rt-tpg-container-3043815377\"\n             data-layout=\"list-layout1\"\n             data-grid-style=\"tpg-even\"\n             data-el-settings=''\n             data-el-query=''\n             data-el-path=''\n        >\n\t\t\t            <div class='tpg-header-wrapper'>\n\t\t\t\t            <\/div>\n\n            <div data-title=\"Loading ...\" class=\"rt-row rt-content-loader list-layout1 tpg-even list-behaviour list-layout-wrapper\">\n\t\t\t\t\n<div class=\"rt-col-md-12 rt-col-sm-12 rt-col-xs-12 default rt-list-item rt-grid-item\" data-id=\"2346\">\n\t<div class=\"rt-holder tpg-post-holder\">\n\t\t<div class=\"rt-detail rt-el-content-wrapper\">\n\t\t\t\t\t\t\t<div class=\"rt-img-holder tpg-el-image-wrap has-thumbnail\">\n\t\t\t\t\t<a data-id=\"2346\" href=\"https:\/\/classic2you.com\/es\/blog-3\/\" class=\"tpg-post-link\" target=\"_self\">                        <img fetchpriority=\"high\" decoding=\"async\" src=\"https:\/\/classic2you.com\/wp-content\/uploads\/2024\/05\/artwithcars_logo-1.png\"\n                             class=\"rt-img-responsive\"\n                             width=\"591\"\n                             height=\"591\"\n                             alt=\"Que \u00e9s ArtWithCars?\">\n\t\t\t\t\t\t\n\t\t\t\t\t\t\t\n\t\t<\/a>\n\t\t        <div class=\"overlay grid-hover-content\"><\/div>\n\t\t\t\t\t\t<\/div>\n\t\t\t\n\t\t\t<div class=\"post-right-content\">\n\t\t\t\t<div class=\"entry-title-wrapper\"><h3 class=\"entry-title\"><a data-id=\"2346\" href=\"https:\/\/classic2you.com\/es\/blog-3\/\" class=\"tpg-post-link\" target=\"_self\">\u00bfQue es ArtWithCars?<\/a><\/h3><\/div>\n\t\t\t\t\t\t\t\t\t<div class=\"post-meta-tags rt-el-post-meta\">\n\t\t\t\t\t\t            <span class='categories-links'>\n\t\t\t\t<i class='fas fa-folder-open'><\/i><a class=\"serveis\" href=\"https:\/\/classic2you.com\/es\/category\/serveis\/\">Servicios<\/a>\t\t\t<\/span>\n\t\t\t\t\t\t\t\t<\/div>\n\t\t\t\t\n\t\t\t\t\t\t\t\t\t<div class=\"tpg-excerpt tpg-el-excerpt\">\n\t\t\t\t\t\t\t\t\t\t\t\t\t<div class=\"tpg-excerpt-inner\">\n\t\t\t\t\t\t\t\tUtiliza piezas reales de veh\u00edculos cl\u00e1sicos, para decorar tu hogar ...\t\t\t\t\t\t\t<\/div>\n\t\t\t\t\t\t\t\t\t\t\t\t\t\t\t\t\t<\/div>\n\t\t\t\t\n\t\t\t\t        <div class=\"post-footer\">\n            <div class=\"post-footer\">\n                <div class=\"read-more\">\n\t\t\t\t\t<a data-id=\"2346\" href=\"https:\/\/classic2you.com\/es\/blog-3\/\" class=\"tpg-post-link\" target=\"_self\">Leer m\u00e1s<\/a>                <\/div>\n            <\/div>\n        <\/div>\n\t\t\t\t\t<\/div>\n\t\t<\/div>\n\t<\/div>\n<\/div>\n            <\/div>\n\n\t\t\t\n        <\/div>\n\t\t\t\t\t\t<\/div>\n\t\t\t\t<\/div>\n\t\t\t\t\t<\/div>\n\t\t<\/div>\n\t\t\t\t\t<\/div>\n\t\t<\/section>\n\t\t\t\t<\/div>","protected":false},"excerpt":{"rendered":"<p>Classic2You Blog Que \u00e9s ArtWithCars? Serveis Utilitza peces reals de vehicles cl\u00e0ssics, per decorar la teva llar&#8230; Leer m\u00e1s Post de Subscripci\u00f3 Serveis Condueix un dels nostres cl\u00e0ssics, per un preu mensual&#8230; Leer m\u00e1s<\/p>","protected":false},"author":1,"featured_media":0,"parent":14,"menu_order":0,"comment_status":"closed","ping_status":"closed","template":"elementor_header_footer","meta":{"footnotes":""},"class_list":["post-57","page","type-page","status-publish","hentry"],"yoast_head":"<!-- This site is optimized with the Yoast SEO plugin v27.3 - https:\/\/yoast.com\/product\/yoast-seo-wordpress\/ -->\n<title>Blog &#8211; Classic2you &#8211; Noticias sobre la Afici\u00f3n por los Coches Cl\u00e1sicos.<\/title>\n<meta name=\"description\" content=\"En nuestro Blog Classic2you intentamos informar sobre todo aquello relacionado con el mundo del motor de los Coches Cl\u00e1sicos.\" \/>\n<meta name=\"robots\" content=\"index, follow, max-snippet:-1, max-image-preview:large, max-video-preview:-1\" \/>\n<link rel=\"canonical\" href=\"https:\/\/classic2you.com\/es\/inicio\/blog\/\" \/>\n<meta property=\"og:locale\" content=\"es_ES\" \/>\n<meta property=\"og:type\" content=\"article\" \/>\n<meta property=\"og:title\" content=\"Blog &#8211; Classic2you &#8211; Noticias sobre la Afici\u00f3n por los Coches Cl\u00e1sicos.\" \/>\n<meta property=\"og:description\" content=\"En nuestro Blog Classic2you intentamos informar sobre todo aquello relacionado con el mundo del motor de los Coches Cl\u00e1sicos.\" \/>\n<meta property=\"og:url\" content=\"https:\/\/classic2you.com\/es\/inicio\/blog\/\" \/>\n<meta property=\"og:site_name\" content=\"Classic2you\" \/>\n<meta property=\"article:publisher\" content=\"https:\/\/www.facebook.com\/XavierFerranA\" \/>\n<meta property=\"article:modified_time\" content=\"2025-04-30T09:47:53+00:00\" \/>\n<meta property=\"og:image\" content=\"https:\/\/classic2you.com\/wp-content\/uploads\/2024\/05\/artwithcars_logo-1.png\" \/>\n<meta name=\"twitter:card\" content=\"summary_large_image\" \/>\n<meta name=\"twitter:label1\" content=\"Tiempo de lectura\" \/>\n\t<meta name=\"twitter:data1\" content=\"1 minuto\" \/>\n<script type=\"application\/ld+json\" class=\"yoast-schema-graph\">{\"@context\":\"https:\\\/\\\/schema.org\",\"@graph\":[{\"@type\":\"WebPage\",\"@id\":\"https:\\\/\\\/classic2you.com\\\/inicio\\\/blog\\\/\",\"url\":\"https:\\\/\\\/classic2you.com\\\/inicio\\\/blog\\\/\",\"name\":\"Blog &#8211; Classic2you &#8211; Noticias sobre la Afici\u00f3n por los Coches Cl\u00e1sicos.\",\"isPartOf\":{\"@id\":\"https:\\\/\\\/classic2you.com\\\/#website\"},\"primaryImageOfPage\":{\"@id\":\"https:\\\/\\\/classic2you.com\\\/inicio\\\/blog\\\/#primaryimage\"},\"image\":{\"@id\":\"https:\\\/\\\/classic2you.com\\\/inicio\\\/blog\\\/#primaryimage\"},\"thumbnailUrl\":\"https:\\\/\\\/classic2you.com\\\/wp-content\\\/uploads\\\/2024\\\/05\\\/artwithcars_logo-1.png\",\"datePublished\":\"2024-04-09T17:06:36+00:00\",\"dateModified\":\"2025-04-30T09:47:53+00:00\",\"description\":\"En nuestro Blog Classic2you intentamos informar sobre todo aquello relacionado con el mundo del motor de los Coches Cl\u00e1sicos.\",\"breadcrumb\":{\"@id\":\"https:\\\/\\\/classic2you.com\\\/inicio\\\/blog\\\/#breadcrumb\"},\"inLanguage\":\"es\",\"potentialAction\":[{\"@type\":\"ReadAction\",\"target\":[\"https:\\\/\\\/classic2you.com\\\/inicio\\\/blog\\\/\"]}]},{\"@type\":\"ImageObject\",\"inLanguage\":\"es\",\"@id\":\"https:\\\/\\\/classic2you.com\\\/inicio\\\/blog\\\/#primaryimage\",\"url\":\"https:\\\/\\\/classic2you.com\\\/wp-content\\\/uploads\\\/2024\\\/05\\\/artwithcars_logo-1.png\",\"contentUrl\":\"https:\\\/\\\/classic2you.com\\\/wp-content\\\/uploads\\\/2024\\\/05\\\/artwithcars_logo-1.png\"},{\"@type\":\"BreadcrumbList\",\"@id\":\"https:\\\/\\\/classic2you.com\\\/inicio\\\/blog\\\/#breadcrumb\",\"itemListElement\":[{\"@type\":\"ListItem\",\"position\":1,\"name\":\"Home\",\"item\":\"https:\\\/\\\/classic2you.com\\\/\"},{\"@type\":\"ListItem\",\"position\":2,\"name\":\"Inicio\",\"item\":\"https:\\\/\\\/classic2you.com\\\/\"},{\"@type\":\"ListItem\",\"position\":3,\"name\":\"Blog\"}]},{\"@type\":\"WebSite\",\"@id\":\"https:\\\/\\\/classic2you.com\\\/#website\",\"url\":\"https:\\\/\\\/classic2you.com\\\/\",\"name\":\"Classic2you\",\"description\":\"Venta de Coches Cl\u00e1sicos\",\"publisher\":{\"@id\":\"https:\\\/\\\/classic2you.com\\\/#organization\"},\"alternateName\":\"Classic2You\",\"potentialAction\":[{\"@type\":\"SearchAction\",\"target\":{\"@type\":\"EntryPoint\",\"urlTemplate\":\"https:\\\/\\\/classic2you.com\\\/?s={search_term_string}\"},\"query-input\":{\"@type\":\"PropertyValueSpecification\",\"valueRequired\":true,\"valueName\":\"search_term_string\"}}],\"inLanguage\":\"es\"},{\"@type\":\"Organization\",\"@id\":\"https:\\\/\\\/classic2you.com\\\/#organization\",\"name\":\"Classic2you\",\"url\":\"https:\\\/\\\/classic2you.com\\\/\",\"logo\":{\"@type\":\"ImageObject\",\"inLanguage\":\"es\",\"@id\":\"https:\\\/\\\/classic2you.com\\\/#\\\/schema\\\/logo\\\/image\\\/\",\"url\":\"https:\\\/\\\/classic2you.com\\\/wp-content\\\/uploads\\\/2024\\\/04\\\/Untitled-1.png\",\"contentUrl\":\"https:\\\/\\\/classic2you.com\\\/wp-content\\\/uploads\\\/2024\\\/04\\\/Untitled-1.png\",\"width\":304,\"height\":230,\"caption\":\"Classic2you\"},\"image\":{\"@id\":\"https:\\\/\\\/classic2you.com\\\/#\\\/schema\\\/logo\\\/image\\\/\"},\"sameAs\":[\"https:\\\/\\\/www.facebook.com\\\/XavierFerranA\",\"https:\\\/\\\/www.youtube.com\\\/channel\\\/UCwwCuVEeh8JOTXaPHMXiIBg\",\"https:\\\/\\\/www.instagram.com\\\/classic2you\\\/\"]}]}<\/script>\n<!-- \/ Yoast SEO plugin. -->","yoast_head_json":{"title":"Blog &#8211; Classic2you &#8211; Noticias sobre la Afici\u00f3n por los Coches Cl\u00e1sicos.","description":"En nuestro Blog Classic2you intentamos informar sobre todo aquello relacionado con el mundo del motor de los Coches Cl\u00e1sicos.","robots":{"index":"index","follow":"follow","max-snippet":"max-snippet:-1","max-image-preview":"max-image-preview:large","max-video-preview":"max-video-preview:-1"},"canonical":"https:\/\/classic2you.com\/es\/inicio\/blog\/","og_locale":"es_ES","og_type":"article","og_title":"Blog &#8211; Classic2you &#8211; Noticias sobre la Afici\u00f3n por los Coches Cl\u00e1sicos.","og_description":"En nuestro Blog Classic2you intentamos informar sobre todo aquello relacionado con el mundo del motor de los Coches Cl\u00e1sicos.","og_url":"https:\/\/classic2you.com\/es\/inicio\/blog\/","og_site_name":"Classic2you","article_publisher":"https:\/\/www.facebook.com\/XavierFerranA","article_modified_time":"2025-04-30T09:47:53+00:00","og_image":[{"url":"https:\/\/classic2you.com\/wp-content\/uploads\/2024\/05\/artwithcars_logo-1.png","type":"","width":"","height":""}],"twitter_card":"summary_large_image","twitter_misc":{"Tiempo de lectura":"1 minuto"},"schema":{"@context":"https:\/\/schema.org","@graph":[{"@type":"WebPage","@id":"https:\/\/classic2you.com\/inicio\/blog\/","url":"https:\/\/classic2you.com\/inicio\/blog\/","name":"Blog &#8211; Classic2you &#8211; Noticias sobre la Afici\u00f3n por los Coches Cl\u00e1sicos.","isPartOf":{"@id":"https:\/\/classic2you.com\/#website"},"primaryImageOfPage":{"@id":"https:\/\/classic2you.com\/inicio\/blog\/#primaryimage"},"image":{"@id":"https:\/\/classic2you.com\/inicio\/blog\/#primaryimage"},"thumbnailUrl":"https:\/\/classic2you.com\/wp-content\/uploads\/2024\/05\/artwithcars_logo-1.png","datePublished":"2024-04-09T17:06:36+00:00","dateModified":"2025-04-30T09:47:53+00:00","description":"En nuestro Blog Classic2you intentamos informar sobre todo aquello relacionado con el mundo del motor de los Coches Cl\u00e1sicos.","breadcrumb":{"@id":"https:\/\/classic2you.com\/inicio\/blog\/#breadcrumb"},"inLanguage":"es","potentialAction":[{"@type":"ReadAction","target":["https:\/\/classic2you.com\/inicio\/blog\/"]}]},{"@type":"ImageObject","inLanguage":"es","@id":"https:\/\/classic2you.com\/inicio\/blog\/#primaryimage","url":"https:\/\/classic2you.com\/wp-content\/uploads\/2024\/05\/artwithcars_logo-1.png","contentUrl":"https:\/\/classic2you.com\/wp-content\/uploads\/2024\/05\/artwithcars_logo-1.png"},{"@type":"BreadcrumbList","@id":"https:\/\/classic2you.com\/inicio\/blog\/#breadcrumb","itemListElement":[{"@type":"ListItem","position":1,"name":"Home","item":"https:\/\/classic2you.com\/"},{"@type":"ListItem","position":2,"name":"Inicio","item":"https:\/\/classic2you.com\/"},{"@type":"ListItem","position":3,"name":"Blog"}]},{"@type":"WebSite","@id":"https:\/\/classic2you.com\/#website","url":"https:\/\/classic2you.com\/","name":"Classic2you","description":"Venta de Coches Cl\u00e1sicos","publisher":{"@id":"https:\/\/classic2you.com\/#organization"},"alternateName":"Classic2You","potentialAction":[{"@type":"SearchAction","target":{"@type":"EntryPoint","urlTemplate":"https:\/\/classic2you.com\/?s={search_term_string}"},"query-input":{"@type":"PropertyValueSpecification","valueRequired":true,"valueName":"search_term_string"}}],"inLanguage":"es"},{"@type":"Organization","@id":"https:\/\/classic2you.com\/#organization","name":"Classic2you","url":"https:\/\/classic2you.com\/","logo":{"@type":"ImageObject","inLanguage":"es","@id":"https:\/\/classic2you.com\/#\/schema\/logo\/image\/","url":"https:\/\/classic2you.com\/wp-content\/uploads\/2024\/04\/Untitled-1.png","contentUrl":"https:\/\/classic2you.com\/wp-content\/uploads\/2024\/04\/Untitled-1.png","width":304,"height":230,"caption":"Classic2you"},"image":{"@id":"https:\/\/classic2you.com\/#\/schema\/logo\/image\/"},"sameAs":["https:\/\/www.facebook.com\/XavierFerranA","https:\/\/www.youtube.com\/channel\/UCwwCuVEeh8JOTXaPHMXiIBg","https:\/\/www.instagram.com\/classic2you\/"]}]}},"rttpg_featured_image_url":null,"rttpg_author":{"display_name":"classic2you","author_link":"https:\/\/classic2you.com\/es\/author\/classic2you\/"},"rttpg_comment":0,"rttpg_category":"","rttpg_excerpt":"Classic2You Blog Que \u00e9s ArtWithCars? Serveis Utilitza peces reals de vehicles cl\u00e0ssics, per decorar la teva llar&#8230; Leer m\u00e1s Post de Subscripci\u00f3 Serveis Condueix un dels nostres cl\u00e0ssics, per un preu mensual&#8230; Leer m\u00e1s","_links":{"self":[{"href":"https:\/\/classic2you.com\/es\/wp-json\/wp\/v2\/pages\/57","targetHints":{"allow":["GET"]}}],"collection":[{"href":"https:\/\/classic2you.com\/es\/wp-json\/wp\/v2\/pages"}],"about":[{"href":"https:\/\/classic2you.com\/es\/wp-json\/wp\/v2\/types\/page"}],"author":[{"embeddable":true,"href":"https:\/\/classic2you.com\/es\/wp-json\/wp\/v2\/users\/1"}],"replies":[{"embeddable":true,"href":"https:\/\/classic2you.com\/es\/wp-json\/wp\/v2\/comments?post=57"}],"version-history":[{"count":5,"href":"https:\/\/classic2you.com\/es\/wp-json\/wp\/v2\/pages\/57\/revisions"}],"predecessor-version":[{"id":2488,"href":"https:\/\/classic2you.com\/es\/wp-json\/wp\/v2\/pages\/57\/revisions\/2488"}],"up":[{"embeddable":true,"href":"https:\/\/classic2you.com\/es\/wp-json\/wp\/v2\/pages\/14"}],"wp:attachment":[{"href":"https:\/\/classic2you.com\/es\/wp-json\/wp\/v2\/media?parent=57"}],"curies":[{"name":"wp","href":"https:\/\/api.w.org\/{rel}","templated":true}]}}