{"id":53,"date":"2024-04-09T17:04:34","date_gmt":"2024-04-09T17:04:34","guid":{"rendered":"https:\/\/classic2you.com\/?page_id=53"},"modified":"2025-05-02T11:36:47","modified_gmt":"2025-05-02T11:36:47","slug":"quienes-somos","status":"publish","type":"page","link":"https:\/\/classic2you.com\/es\/inicio\/quienes-somos\/","title":{"rendered":"\u00bfQuienes somos?"},"content":{"rendered":"<div data-elementor-type=\"wp-page\" data-elementor-id=\"53\" class=\"elementor elementor-53\">\n\t\t\t\t<div class=\"has_eae_slider elementor-element elementor-element-b8735df e-con-full elementor-hidden-tablet elementor-hidden-mobile e-flex wpr-particle-no wpr-jarallax-no wpr-parallax-no wpr-sticky-section-no wpr-equal-height-no elementor-invisible e-con e-parent\" data-eae-slider=\"69738\" data-id=\"b8735df\" data-element_type=\"container\" data-e-type=\"container\" data-settings=\"{&quot;background_background&quot;:&quot;classic&quot;,&quot;animation&quot;:&quot;fadeInDown&quot;}\">\n\t\t<div class=\"has_eae_slider elementor-element elementor-element-62e1262 e-con-full e-flex wpr-particle-no wpr-jarallax-no wpr-parallax-no wpr-sticky-section-no wpr-equal-height-no e-con e-child\" data-eae-slider=\"94846\" data-id=\"62e1262\" data-element_type=\"container\" data-e-type=\"container\" data-settings=\"{&quot;background_background&quot;:&quot;classic&quot;}\">\n\t\t\t\t<div class=\"elementor-element elementor-element-8969dea elementor-invisible elementor-widget elementor-widget-heading\" data-id=\"8969dea\" data-element_type=\"widget\" data-e-type=\"widget\" data-settings=\"{&quot;_animation&quot;:&quot;fadeInDown&quot;,&quot;_animation_delay&quot;:500}\" data-widget_type=\"heading.default\">\n\t\t\t\t<div class=\"elementor-widget-container\">\n\t\t\t\t\t<h2 class=\"elementor-heading-title elementor-size-default\">Classic2you<\/h2>\t\t\t\t<\/div>\n\t\t\t\t<\/div>\n\t\t\t\t<div class=\"elementor-element elementor-element-0b6839c elementor-widget-divider--view-line elementor-widget elementor-widget-divider\" data-id=\"0b6839c\" data-element_type=\"widget\" data-e-type=\"widget\" data-widget_type=\"divider.default\">\n\t\t\t\t<div class=\"elementor-widget-container\">\n\t\t\t\t\t\t\t<div class=\"elementor-divider\">\n\t\t\t<span class=\"elementor-divider-separator\">\n\t\t\t\t\t\t<\/span>\n\t\t<\/div>\n\t\t\t\t\t\t<\/div>\n\t\t\t\t<\/div>\n\t\t\t\t<div class=\"elementor-element elementor-element-ee4f04d elementor-invisible elementor-widget elementor-widget-heading\" data-id=\"ee4f04d\" data-element_type=\"widget\" data-e-type=\"widget\" data-settings=\"{&quot;_animation&quot;:&quot;fadeInUp&quot;,&quot;_animation_delay&quot;:700}\" data-widget_type=\"heading.default\">\n\t\t\t\t<div class=\"elementor-widget-container\">\n\t\t\t\t\t<h2 class=\"elementor-heading-title elementor-size-default\">\u00bfQuienes somos?<\/h2>\t\t\t\t<\/div>\n\t\t\t\t<\/div>\n\t\t\t\t<\/div>\n\t\t<div class=\"has_eae_slider elementor-element elementor-element-5030956 e-con-full e-flex wpr-particle-no wpr-jarallax-no wpr-parallax-no wpr-sticky-section-no wpr-equal-height-no e-con e-child\" data-eae-slider=\"14854\" data-id=\"5030956\" data-element_type=\"container\" data-e-type=\"container\" data-settings=\"{&quot;background_background&quot;:&quot;classic&quot;}\">\n\t\t\t\t<div class=\"elementor-element elementor-element-bcb0420 elementor-widget elementor-widget-spacer\" data-id=\"bcb0420\" data-element_type=\"widget\" data-e-type=\"widget\" data-widget_type=\"spacer.default\">\n\t\t\t\t<div class=\"elementor-widget-container\">\n\t\t\t\t\t\t\t<div class=\"elementor-spacer\">\n\t\t\t<div class=\"elementor-spacer-inner\"><\/div>\n\t\t<\/div>\n\t\t\t\t\t\t<\/div>\n\t\t\t\t<\/div>\n\t\t\t\t<\/div>\n\t\t\t\t<\/div>\n\t\t\t\t<section class=\"has_eae_slider elementor-section elementor-top-section elementor-element elementor-element-3263d16 elementor-section-content-middle elementor-section-full_width elementor-section-height-default elementor-section-height-default wpr-particle-no wpr-jarallax-no wpr-parallax-no wpr-sticky-section-no wpr-equal-height-no\" data-eae-slider=\"92035\" data-id=\"3263d16\" data-element_type=\"section\" data-e-type=\"section\" data-settings=\"{&quot;background_background&quot;:&quot;classic&quot;}\">\n\t\t\t\t\t\t\t<div class=\"elementor-background-overlay\"><\/div>\n\t\t\t\t\t\t\t<div class=\"elementor-container elementor-column-gap-no\">\n\t\t\t\t\t<div class=\"has_eae_slider elementor-column elementor-col-100 elementor-top-column elementor-element elementor-element-4e29c70c\" data-eae-slider=\"40237\" data-id=\"4e29c70c\" data-element_type=\"column\" data-e-type=\"column\">\n\t\t\t<div class=\"elementor-widget-wrap elementor-element-populated\">\n\t\t\t\t<div class=\"has_eae_slider elementor-element elementor-element-f36d7ec e-con-full e-flex wpr-particle-no wpr-jarallax-no wpr-parallax-no wpr-sticky-section-no wpr-equal-height-no e-con e-parent\" data-eae-slider=\"91413\" data-id=\"f36d7ec\" data-element_type=\"container\" data-e-type=\"container\">\n\t\t<div class=\"has_eae_slider elementor-element elementor-element-aa80fc4 e-flex e-con-boxed wpr-particle-no wpr-jarallax-no wpr-parallax-no wpr-sticky-section-no wpr-equal-height-no e-con e-child\" data-eae-slider=\"98652\" data-id=\"aa80fc4\" data-element_type=\"container\" data-e-type=\"container\">\n\t\t\t\t\t<div class=\"e-con-inner\">\n\t\t\t\t<div class=\"elementor-element elementor-element-6a8a6d2 elementor-widget__width-initial elementor-invisible elementor-widget elementor-widget-text-editor\" data-id=\"6a8a6d2\" data-element_type=\"widget\" data-e-type=\"widget\" data-settings=\"{&quot;_animation&quot;:&quot;fadeInUp&quot;}\" data-widget_type=\"text-editor.default\">\n\t\t\t\t<div class=\"elementor-widget-container\">\n\t\t\t\t\t\t\t\t\t<p style=\"text-align: left;\">\u00a1Bienvenidos a nuestro humilde taller, donde hacemos milagros con motores y carburadores! \ud83d\ude97\ud83d\udd27\u00a0<\/p><p style=\"text-align: left;\">Somos como los alquimistas de los tiempos antiguos, pero en lugar de transformar plomo en oro, convertimos coches cl\u00e1sicos oxidados en aut\u00e9nticas joyas de las carreteras. Cogemos piezas de aqu\u00ed y de all\u00e1, hacemos algunos hechizos mec\u00e1nicos, y voil\u00e0, ten\u00e9is un cl\u00e1sico que har\u00eda envidia al mismo James Bond.<\/p><p style=\"text-align: left;\">Conducir uno de nuestros veh\u00edculos es como desfilar por la Rambla con un traje hecho a medida por un sastre medieval.<\/p><p style=\"text-align: left;\">Si buscas un veh\u00edculo que haga que los vecinos salgan al balc\u00f3n para verlo pasar, visite nuestro cat\u00e1logo web. \ud83d\ude98\u2728<\/p>\t\t\t\t\t\t\t\t<\/div>\n\t\t\t\t<\/div>\n\t\t\t\t<div class=\"elementor-element elementor-element-5150dc1 elementor-widget elementor-widget-spacer\" data-id=\"5150dc1\" data-element_type=\"widget\" data-e-type=\"widget\" data-widget_type=\"spacer.default\">\n\t\t\t\t<div class=\"elementor-widget-container\">\n\t\t\t\t\t\t\t<div class=\"elementor-spacer\">\n\t\t\t<div class=\"elementor-spacer-inner\"><\/div>\n\t\t<\/div>\n\t\t\t\t\t\t<\/div>\n\t\t\t\t<\/div>\n\t\t\t\t\t<\/div>\n\t\t\t\t<\/div>\n\t\t<div class=\"has_eae_slider elementor-element elementor-element-ce754cf e-flex e-con-boxed wpr-particle-no wpr-jarallax-no wpr-parallax-no wpr-sticky-section-no wpr-equal-height-no e-con e-child\" data-eae-slider=\"29421\" data-id=\"ce754cf\" data-element_type=\"container\" data-e-type=\"container\">\n\t\t\t\t\t<div class=\"e-con-inner\">\n\t\t\t\t<div class=\"elementor-element elementor-element-bc2c7c6 elementor-widget elementor-widget-video\" data-id=\"bc2c7c6\" data-element_type=\"widget\" data-e-type=\"widget\" data-settings=\"{&quot;video_type&quot;:&quot;hosted&quot;,&quot;autoplay&quot;:&quot;yes&quot;,&quot;play_on_mobile&quot;:&quot;yes&quot;,&quot;controls&quot;:&quot;yes&quot;}\" data-widget_type=\"video.default\">\n\t\t\t\t<div class=\"elementor-widget-container\">\n\t\t\t\t\t\t\t<div class=\"e-hosted-video elementor-wrapper elementor-open-inline\">\n\t\t\t\t\t<video class=\"elementor-video\" src=\"https:\/\/classic2you.com\/wp-content\/uploads\/2025\/03\/Qui-Som.mp4\" autoplay=\"\" controls=\"\" playsinline=\"\" controlslist=\"nodownload\"><\/video>\n\t\t\t\t<\/div>\n\t\t\t\t\t\t<\/div>\n\t\t\t\t<\/div>\n\t\t\t\t<div class=\"elementor-element elementor-element-e2dd14a elementor-widget elementor-widget-heading\" data-id=\"e2dd14a\" data-element_type=\"widget\" data-e-type=\"widget\" data-widget_type=\"heading.default\">\n\t\t\t\t<div class=\"elementor-widget-container\">\n\t\t\t\t\t<h2 class=\"elementor-heading-title elementor-size-default\">El Equipo<\/h2>\t\t\t\t<\/div>\n\t\t\t\t<\/div>\n\t\t<div class=\"has_eae_slider elementor-element elementor-element-654729a e-grid e-con-full wpr-particle-no wpr-jarallax-no wpr-parallax-no wpr-sticky-section-no wpr-equal-height-no e-con e-child\" data-eae-slider=\"88068\" data-id=\"654729a\" data-element_type=\"container\" data-e-type=\"container\">\n\t\t\t\t<div class=\"elementor-element elementor-element-be23f49 elementor-position-top elementor-invisible elementor-widget elementor-widget-image-box\" data-id=\"be23f49\" data-element_type=\"widget\" data-e-type=\"widget\" data-settings=\"{&quot;_animation&quot;:&quot;fadeInLeft&quot;,&quot;_animation_delay&quot;:500}\" data-widget_type=\"image-box.default\">\n\t\t\t\t<div class=\"elementor-widget-container\">\n\t\t\t\t\t<div class=\"elementor-image-box-wrapper\"><figure class=\"elementor-image-box-img\"><img fetchpriority=\"high\" decoding=\"async\" width=\"500\" height=\"500\" src=\"https:\/\/classic2you.com\/wp-content\/uploads\/2024\/07\/2.png\" class=\"elementor-animation-grow attachment-full size-full wp-image-771\" alt=\"\" srcset=\"https:\/\/classic2you.com\/wp-content\/uploads\/2024\/07\/2.png 500w, https:\/\/classic2you.com\/wp-content\/uploads\/2024\/07\/2-300x300.png 300w, https:\/\/classic2you.com\/wp-content\/uploads\/2024\/07\/2-100x100.png 100w, https:\/\/classic2you.com\/wp-content\/uploads\/2024\/07\/2-150x150.png 150w, https:\/\/classic2you.com\/wp-content\/uploads\/2024\/07\/2-12x12.png 12w\" sizes=\"(max-width: 500px) 100vw, 500px\" \/><\/figure><div class=\"elementor-image-box-content\"><h3 class=\"elementor-image-box-title\">Jordi \"el Jefe\"<\/h3><\/div><\/div>\t\t\t\t<\/div>\n\t\t\t\t<\/div>\n\t\t\t\t<div class=\"elementor-element elementor-element-b9d8767 elementor-position-top elementor-invisible elementor-widget elementor-widget-image-box\" data-id=\"b9d8767\" data-element_type=\"widget\" data-e-type=\"widget\" data-settings=\"{&quot;_animation&quot;:&quot;fadeInLeft&quot;,&quot;_animation_delay&quot;:500}\" data-widget_type=\"image-box.default\">\n\t\t\t\t<div class=\"elementor-widget-container\">\n\t\t\t\t\t<div class=\"elementor-image-box-wrapper\"><figure class=\"elementor-image-box-img\"><img decoding=\"async\" width=\"800\" height=\"888\" src=\"https:\/\/classic2you.com\/wp-content\/uploads\/2025\/02\/IMG_2205-scaled-e1740074624708-923x1024.jpeg\" class=\"elementor-animation-grow attachment-large size-large wp-image-1895\" alt=\"\" srcset=\"https:\/\/classic2you.com\/wp-content\/uploads\/2025\/02\/IMG_2205-scaled-e1740074624708-923x1024.jpeg 923w, https:\/\/classic2you.com\/wp-content\/uploads\/2025\/02\/IMG_2205-scaled-e1740074624708-270x300.jpeg 270w, https:\/\/classic2you.com\/wp-content\/uploads\/2025\/02\/IMG_2205-scaled-e1740074624708-768x852.jpeg 768w, https:\/\/classic2you.com\/wp-content\/uploads\/2025\/02\/IMG_2205-scaled-e1740074624708-1385x1536.jpeg 1385w, https:\/\/classic2you.com\/wp-content\/uploads\/2025\/02\/IMG_2205-scaled-e1740074624708-1846x2048.jpeg 1846w, https:\/\/classic2you.com\/wp-content\/uploads\/2025\/02\/IMG_2205-scaled-e1740074624708-11x12.jpeg 11w, https:\/\/classic2you.com\/wp-content\/uploads\/2025\/02\/IMG_2205-scaled-e1740074624708.jpeg 1923w\" sizes=\"(max-width: 800px) 100vw, 800px\" \/><\/figure><div class=\"elementor-image-box-content\"><h3 class=\"elementor-image-box-title\">Xavier \u201cM\u00e0rqueting\u201d<\/h3><\/div><\/div>\t\t\t\t<\/div>\n\t\t\t\t<\/div>\n\t\t\t\t<div class=\"elementor-element elementor-element-ca4c9e3 elementor-position-top elementor-invisible elementor-widget elementor-widget-image-box\" data-id=\"ca4c9e3\" data-element_type=\"widget\" data-e-type=\"widget\" data-settings=\"{&quot;_animation&quot;:&quot;fadeInLeft&quot;,&quot;_animation_delay&quot;:500}\" data-widget_type=\"image-box.default\">\n\t\t\t\t<div class=\"elementor-widget-container\">\n\t\t\t\t\t<div class=\"elementor-image-box-wrapper\"><figure class=\"elementor-image-box-img\"><img decoding=\"async\" width=\"500\" height=\"500\" src=\"https:\/\/classic2you.com\/wp-content\/uploads\/2024\/07\/3.png\" class=\"elementor-animation-grow attachment-large size-large wp-image-772\" alt=\"\" srcset=\"https:\/\/classic2you.com\/wp-content\/uploads\/2024\/07\/3.png 500w, https:\/\/classic2you.com\/wp-content\/uploads\/2024\/07\/3-300x300.png 300w, https:\/\/classic2you.com\/wp-content\/uploads\/2024\/07\/3-100x100.png 100w, https:\/\/classic2you.com\/wp-content\/uploads\/2024\/07\/3-150x150.png 150w, https:\/\/classic2you.com\/wp-content\/uploads\/2024\/07\/3-12x12.png 12w\" sizes=\"(max-width: 500px) 100vw, 500px\" \/><\/figure><div class=\"elementor-image-box-content\"><h3 class=\"elementor-image-box-title\">David \"el Mec\u00e1nico\"<\/h3><\/div><\/div>\t\t\t\t<\/div>\n\t\t\t\t<\/div>\n\t\t\t\t<\/div>\n\t\t\t\t\t<\/div>\n\t\t\t\t<\/div>\n\t\t\t\t<\/div>\n\t\t<div class=\"has_eae_slider elementor-element elementor-element-99e5c6f e-con-full e-flex wpr-particle-no wpr-jarallax-no wpr-parallax-no wpr-sticky-section-no wpr-equal-height-no e-con e-parent\" data-eae-slider=\"92188\" data-id=\"99e5c6f\" data-element_type=\"container\" data-e-type=\"container\">\n\t\t\t\t<\/div>\n\t\t\t\t\t<\/div>\n\t\t<\/div>\n\t\t\t\t\t<\/div>\n\t\t<\/section>\n\t\t\t\t<\/div>","protected":false},"excerpt":{"rendered":"<p>Classic2You Qui som? Benvinguts al nostre humil taller, on fem miracles amb motors i carburadors! \ud83d\ude97\ud83d\udd27\u00a0 Som com els alquimistes dels temps antics, per\u00f2 en lloc de transformar plom en or, convertim cotxes cl\u00e0ssics rovellats en aut\u00e8ntiques joies de les carreteres. Agafem peces d&#8217;aqu\u00ed i d&#8217;all\u00e0, fem uns quants encanteris mec\u00e0nics, i voil\u00e0, teniu un cl\u00e0ssic que faria enveja al mateix\u00a0 James Bond. Conduir un dels nostres vehicles \u00e9s com desfilar per la Rambla amb un vestit fet a mida per un sastre medieval. Si busqueu un vehicle que faci que els ve\u00efns surtin al balc\u00f3 per veure&#8217;l passar, visiteu el nostre cat\u00e0leg web.! \ud83d\ude98\u2728 https:\/\/classic2you.com\/wp-content\/uploads\/2025\/03\/Qui-Som.mp4 L&#8217;Equip Jordi &#8220;el Jefe&#8221; Xavier \u201cM\u00e0rqueting\u201d David \u201cel Mec\u00e0nic\u201d<\/p>","protected":false},"author":1,"featured_media":2549,"parent":14,"menu_order":0,"comment_status":"closed","ping_status":"closed","template":"elementor_header_footer","meta":{"footnotes":""},"class_list":["post-53","page","type-page","status-publish","has-post-thumbnail","hentry"],"yoast_head":"<!-- This site is optimized with the Yoast SEO plugin v27.3 - https:\/\/yoast.com\/product\/yoast-seo-wordpress\/ -->\n<title>Boomers aficionados por los coches cl\u00e1sicos y antiguos.<\/title>\n<meta name=\"description\" content=\"Venta de Coches Cl\u00e1sicos y Decoraci\u00f3n &#8211; Somos un Equipo Preocupado por la Incertidumbre que Representa la Compra de un Veh\u00edculo Cl\u00e1sico.\" \/>\n<meta name=\"robots\" content=\"index, follow, max-snippet:-1, max-image-preview:large, max-video-preview:-1\" \/>\n<link rel=\"canonical\" href=\"https:\/\/classic2you.com\/es\/inicio\/quienes-somos\/\" \/>\n<meta property=\"og:locale\" content=\"es_ES\" \/>\n<meta property=\"og:type\" content=\"article\" \/>\n<meta property=\"og:title\" content=\"Boomers aficionados por los coches cl\u00e1sicos y antiguos.\" \/>\n<meta property=\"og:description\" content=\"Venta de Coches Cl\u00e1sicos y Decoraci\u00f3n &#8211; Somos un Equipo Preocupado por la Incertidumbre que Representa la Compra de un Veh\u00edculo Cl\u00e1sico.\" \/>\n<meta property=\"og:url\" content=\"https:\/\/classic2you.com\/es\/inicio\/quienes-somos\/\" \/>\n<meta property=\"og:site_name\" content=\"Classic2you\" \/>\n<meta property=\"article:publisher\" content=\"https:\/\/www.facebook.com\/XavierFerranA\" \/>\n<meta property=\"article:modified_time\" content=\"2025-05-02T11:36:47+00:00\" \/>\n<meta property=\"og:image\" content=\"https:\/\/classic2you.com\/wp-content\/uploads\/2025\/03\/Corpo-3-1024x576.png\" \/>\n\t<meta property=\"og:image:width\" content=\"1024\" \/>\n\t<meta property=\"og:image:height\" content=\"576\" \/>\n\t<meta property=\"og:image:type\" content=\"image\/png\" \/>\n<meta name=\"twitter:card\" content=\"summary_large_image\" \/>\n<meta name=\"twitter:label1\" content=\"Tiempo de lectura\" \/>\n\t<meta name=\"twitter:data1\" content=\"2 minutos\" \/>\n<script type=\"application\/ld+json\" class=\"yoast-schema-graph\">{\"@context\":\"https:\\\/\\\/schema.org\",\"@graph\":[{\"@type\":\"WebPage\",\"@id\":\"https:\\\/\\\/classic2you.com\\\/inicio\\\/quienes-somos\\\/\",\"url\":\"https:\\\/\\\/classic2you.com\\\/inicio\\\/quienes-somos\\\/\",\"name\":\"Boomers aficionados por los coches cl\u00e1sicos y antiguos.\",\"isPartOf\":{\"@id\":\"https:\\\/\\\/classic2you.com\\\/#website\"},\"primaryImageOfPage\":{\"@id\":\"https:\\\/\\\/classic2you.com\\\/inicio\\\/quienes-somos\\\/#primaryimage\"},\"image\":{\"@id\":\"https:\\\/\\\/classic2you.com\\\/inicio\\\/quienes-somos\\\/#primaryimage\"},\"thumbnailUrl\":\"https:\\\/\\\/classic2you.com\\\/wp-content\\\/uploads\\\/2025\\\/03\\\/Corpo-3.png\",\"datePublished\":\"2024-04-09T17:04:34+00:00\",\"dateModified\":\"2025-05-02T11:36:47+00:00\",\"description\":\"Venta de Coches Cl\u00e1sicos y Decoraci\u00f3n &#8211; Somos un Equipo Preocupado por la Incertidumbre que Representa la Compra de un Veh\u00edculo Cl\u00e1sico.\",\"breadcrumb\":{\"@id\":\"https:\\\/\\\/classic2you.com\\\/inicio\\\/quienes-somos\\\/#breadcrumb\"},\"inLanguage\":\"es\",\"potentialAction\":[{\"@type\":\"ReadAction\",\"target\":[\"https:\\\/\\\/classic2you.com\\\/inicio\\\/quienes-somos\\\/\"]}]},{\"@type\":\"ImageObject\",\"inLanguage\":\"es\",\"@id\":\"https:\\\/\\\/classic2you.com\\\/inicio\\\/quienes-somos\\\/#primaryimage\",\"url\":\"https:\\\/\\\/classic2you.com\\\/wp-content\\\/uploads\\\/2025\\\/03\\\/Corpo-3.png\",\"contentUrl\":\"https:\\\/\\\/classic2you.com\\\/wp-content\\\/uploads\\\/2025\\\/03\\\/Corpo-3.png\",\"width\":5120,\"height\":2880},{\"@type\":\"BreadcrumbList\",\"@id\":\"https:\\\/\\\/classic2you.com\\\/inicio\\\/quienes-somos\\\/#breadcrumb\",\"itemListElement\":[{\"@type\":\"ListItem\",\"position\":1,\"name\":\"Home\",\"item\":\"https:\\\/\\\/classic2you.com\\\/\"},{\"@type\":\"ListItem\",\"position\":2,\"name\":\"Inicio\",\"item\":\"https:\\\/\\\/classic2you.com\\\/\"},{\"@type\":\"ListItem\",\"position\":3,\"name\":\"\u00bfQuienes somos?\"}]},{\"@type\":\"WebSite\",\"@id\":\"https:\\\/\\\/classic2you.com\\\/#website\",\"url\":\"https:\\\/\\\/classic2you.com\\\/\",\"name\":\"Classic2you\",\"description\":\"Venta de Coches Cl\u00e1sicos\",\"publisher\":{\"@id\":\"https:\\\/\\\/classic2you.com\\\/#organization\"},\"alternateName\":\"Classic2You\",\"potentialAction\":[{\"@type\":\"SearchAction\",\"target\":{\"@type\":\"EntryPoint\",\"urlTemplate\":\"https:\\\/\\\/classic2you.com\\\/?s={search_term_string}\"},\"query-input\":{\"@type\":\"PropertyValueSpecification\",\"valueRequired\":true,\"valueName\":\"search_term_string\"}}],\"inLanguage\":\"es\"},{\"@type\":\"Organization\",\"@id\":\"https:\\\/\\\/classic2you.com\\\/#organization\",\"name\":\"Classic2you\",\"url\":\"https:\\\/\\\/classic2you.com\\\/\",\"logo\":{\"@type\":\"ImageObject\",\"inLanguage\":\"es\",\"@id\":\"https:\\\/\\\/classic2you.com\\\/#\\\/schema\\\/logo\\\/image\\\/\",\"url\":\"https:\\\/\\\/classic2you.com\\\/wp-content\\\/uploads\\\/2024\\\/04\\\/Untitled-1.png\",\"contentUrl\":\"https:\\\/\\\/classic2you.com\\\/wp-content\\\/uploads\\\/2024\\\/04\\\/Untitled-1.png\",\"width\":304,\"height\":230,\"caption\":\"Classic2you\"},\"image\":{\"@id\":\"https:\\\/\\\/classic2you.com\\\/#\\\/schema\\\/logo\\\/image\\\/\"},\"sameAs\":[\"https:\\\/\\\/www.facebook.com\\\/XavierFerranA\",\"https:\\\/\\\/www.youtube.com\\\/channel\\\/UCwwCuVEeh8JOTXaPHMXiIBg\",\"https:\\\/\\\/www.instagram.com\\\/classic2you\\\/\"]}]}<\/script>\n<!-- \/ Yoast SEO plugin. -->","yoast_head_json":{"title":"Boomers aficionados por los coches cl\u00e1sicos y antiguos.","description":"Venta de Coches Cl\u00e1sicos y Decoraci\u00f3n &#8211; Somos un Equipo Preocupado por la Incertidumbre que Representa la Compra de un Veh\u00edculo Cl\u00e1sico.","robots":{"index":"index","follow":"follow","max-snippet":"max-snippet:-1","max-image-preview":"max-image-preview:large","max-video-preview":"max-video-preview:-1"},"canonical":"https:\/\/classic2you.com\/es\/inicio\/quienes-somos\/","og_locale":"es_ES","og_type":"article","og_title":"Boomers aficionados por los coches cl\u00e1sicos y antiguos.","og_description":"Venta de Coches Cl\u00e1sicos y Decoraci\u00f3n &#8211; Somos un Equipo Preocupado por la Incertidumbre que Representa la Compra de un Veh\u00edculo Cl\u00e1sico.","og_url":"https:\/\/classic2you.com\/es\/inicio\/quienes-somos\/","og_site_name":"Classic2you","article_publisher":"https:\/\/www.facebook.com\/XavierFerranA","article_modified_time":"2025-05-02T11:36:47+00:00","og_image":[{"width":1024,"height":576,"url":"https:\/\/classic2you.com\/wp-content\/uploads\/2025\/03\/Corpo-3-1024x576.png","type":"image\/png"}],"twitter_card":"summary_large_image","twitter_misc":{"Tiempo de lectura":"2 minutos"},"schema":{"@context":"https:\/\/schema.org","@graph":[{"@type":"WebPage","@id":"https:\/\/classic2you.com\/inicio\/quienes-somos\/","url":"https:\/\/classic2you.com\/inicio\/quienes-somos\/","name":"Boomers aficionados por los coches cl\u00e1sicos y antiguos.","isPartOf":{"@id":"https:\/\/classic2you.com\/#website"},"primaryImageOfPage":{"@id":"https:\/\/classic2you.com\/inicio\/quienes-somos\/#primaryimage"},"image":{"@id":"https:\/\/classic2you.com\/inicio\/quienes-somos\/#primaryimage"},"thumbnailUrl":"https:\/\/classic2you.com\/wp-content\/uploads\/2025\/03\/Corpo-3.png","datePublished":"2024-04-09T17:04:34+00:00","dateModified":"2025-05-02T11:36:47+00:00","description":"Venta de Coches Cl\u00e1sicos y Decoraci\u00f3n &#8211; Somos un Equipo Preocupado por la Incertidumbre que Representa la Compra de un Veh\u00edculo Cl\u00e1sico.","breadcrumb":{"@id":"https:\/\/classic2you.com\/inicio\/quienes-somos\/#breadcrumb"},"inLanguage":"es","potentialAction":[{"@type":"ReadAction","target":["https:\/\/classic2you.com\/inicio\/quienes-somos\/"]}]},{"@type":"ImageObject","inLanguage":"es","@id":"https:\/\/classic2you.com\/inicio\/quienes-somos\/#primaryimage","url":"https:\/\/classic2you.com\/wp-content\/uploads\/2025\/03\/Corpo-3.png","contentUrl":"https:\/\/classic2you.com\/wp-content\/uploads\/2025\/03\/Corpo-3.png","width":5120,"height":2880},{"@type":"BreadcrumbList","@id":"https:\/\/classic2you.com\/inicio\/quienes-somos\/#breadcrumb","itemListElement":[{"@type":"ListItem","position":1,"name":"Home","item":"https:\/\/classic2you.com\/"},{"@type":"ListItem","position":2,"name":"Inicio","item":"https:\/\/classic2you.com\/"},{"@type":"ListItem","position":3,"name":"\u00bfQuienes somos?"}]},{"@type":"WebSite","@id":"https:\/\/classic2you.com\/#website","url":"https:\/\/classic2you.com\/","name":"Classic2you","description":"Venta de Coches Cl\u00e1sicos","publisher":{"@id":"https:\/\/classic2you.com\/#organization"},"alternateName":"Classic2You","potentialAction":[{"@type":"SearchAction","target":{"@type":"EntryPoint","urlTemplate":"https:\/\/classic2you.com\/?s={search_term_string}"},"query-input":{"@type":"PropertyValueSpecification","valueRequired":true,"valueName":"search_term_string"}}],"inLanguage":"es"},{"@type":"Organization","@id":"https:\/\/classic2you.com\/#organization","name":"Classic2you","url":"https:\/\/classic2you.com\/","logo":{"@type":"ImageObject","inLanguage":"es","@id":"https:\/\/classic2you.com\/#\/schema\/logo\/image\/","url":"https:\/\/classic2you.com\/wp-content\/uploads\/2024\/04\/Untitled-1.png","contentUrl":"https:\/\/classic2you.com\/wp-content\/uploads\/2024\/04\/Untitled-1.png","width":304,"height":230,"caption":"Classic2you"},"image":{"@id":"https:\/\/classic2you.com\/#\/schema\/logo\/image\/"},"sameAs":["https:\/\/www.facebook.com\/XavierFerranA","https:\/\/www.youtube.com\/channel\/UCwwCuVEeh8JOTXaPHMXiIBg","https:\/\/www.instagram.com\/classic2you\/"]}]}},"rttpg_featured_image_url":{"full":["https:\/\/classic2you.com\/wp-content\/uploads\/2025\/03\/Corpo-3.png",5120,2880,false],"landscape":["https:\/\/classic2you.com\/wp-content\/uploads\/2025\/03\/Corpo-3.png",5120,2880,false],"portraits":["https:\/\/classic2you.com\/wp-content\/uploads\/2025\/03\/Corpo-3.png",5120,2880,false],"thumbnail":["https:\/\/classic2you.com\/wp-content\/uploads\/2025\/03\/Corpo-3-150x150.png",150,150,true],"medium":["https:\/\/classic2you.com\/wp-content\/uploads\/2025\/03\/Corpo-3-300x169.png",300,169,true],"large":["https:\/\/classic2you.com\/wp-content\/uploads\/2025\/03\/Corpo-3-1024x576.png",800,450,true],"1536x1536":["https:\/\/classic2you.com\/wp-content\/uploads\/2025\/03\/Corpo-3-1536x864.png",1536,864,true],"2048x2048":["https:\/\/classic2you.com\/wp-content\/uploads\/2025\/03\/Corpo-3-2048x1152.png",2048,1152,true],"trp-custom-language-flag":["https:\/\/classic2you.com\/wp-content\/uploads\/2025\/03\/Corpo-3-18x10.png",18,10,true]},"rttpg_author":{"display_name":"classic2you","author_link":"https:\/\/classic2you.com\/es\/author\/classic2you\/"},"rttpg_comment":0,"rttpg_category":null,"rttpg_excerpt":"Classic2You Qui som? Benvinguts al nostre humil taller, on fem miracles amb motors i carburadors! \ud83d\ude97\ud83d\udd27\u00a0 Som com els alquimistes dels temps antics, per\u00f2 en lloc de transformar plom en or, convertim cotxes cl\u00e0ssics rovellats en aut\u00e8ntiques joies de les carreteres. Agafem peces d&#8217;aqu\u00ed i d&#8217;all\u00e0, fem uns quants encanteris mec\u00e0nics, i voil\u00e0, teniu un&hellip;","_links":{"self":[{"href":"https:\/\/classic2you.com\/es\/wp-json\/wp\/v2\/pages\/53","targetHints":{"allow":["GET"]}}],"collection":[{"href":"https:\/\/classic2you.com\/es\/wp-json\/wp\/v2\/pages"}],"about":[{"href":"https:\/\/classic2you.com\/es\/wp-json\/wp\/v2\/types\/page"}],"author":[{"embeddable":true,"href":"https:\/\/classic2you.com\/es\/wp-json\/wp\/v2\/users\/1"}],"replies":[{"embeddable":true,"href":"https:\/\/classic2you.com\/es\/wp-json\/wp\/v2\/comments?post=53"}],"version-history":[{"count":4,"href":"https:\/\/classic2you.com\/es\/wp-json\/wp\/v2\/pages\/53\/revisions"}],"predecessor-version":[{"id":2652,"href":"https:\/\/classic2you.com\/es\/wp-json\/wp\/v2\/pages\/53\/revisions\/2652"}],"up":[{"embeddable":true,"href":"https:\/\/classic2you.com\/es\/wp-json\/wp\/v2\/pages\/14"}],"wp:featuredmedia":[{"embeddable":true,"href":"https:\/\/classic2you.com\/es\/wp-json\/wp\/v2\/media\/2549"}],"wp:attachment":[{"href":"https:\/\/classic2you.com\/es\/wp-json\/wp\/v2\/media?parent=53"}],"curies":[{"name":"wp","href":"https:\/\/api.w.org\/{rel}","templated":true}]}}