{"id":1943,"date":"2025-02-20T17:21:08","date_gmt":"2025-02-20T17:21:08","guid":{"rendered":"https:\/\/classic2you.com\/?page_id=1943"},"modified":"2025-05-14T10:51:42","modified_gmt":"2025-05-14T10:51:42","slug":"seat-600-e","status":"publish","type":"page","link":"https:\/\/classic2you.com\/es\/inicio\/catalogo\/seat-600-e\/","title":{"rendered":"SEAT 600 E"},"content":{"rendered":"<div data-elementor-type=\"wp-page\" data-elementor-id=\"1943\" class=\"elementor elementor-1943\">\n\t\t\t\t\t\t<section class=\"has_eae_slider elementor-section elementor-top-section elementor-element elementor-element-7f9f9c2a elementor-section-content-middle elementor-section-boxed elementor-section-height-default elementor-section-height-default wpr-particle-no wpr-jarallax-no wpr-parallax-no wpr-sticky-section-no wpr-equal-height-no\" data-eae-slider=\"54110\" data-id=\"7f9f9c2a\" data-element_type=\"section\" data-e-type=\"section\" data-settings=\"{&quot;background_background&quot;:&quot;classic&quot;}\">\n\t\t\t\t\t\t\t<div class=\"elementor-background-overlay\"><\/div>\n\t\t\t\t\t\t\t<div class=\"elementor-container elementor-column-gap-no\">\n\t\t\t\t\t<div class=\"has_eae_slider elementor-column elementor-col-50 elementor-top-column elementor-element elementor-element-52259008\" data-eae-slider=\"15675\" data-id=\"52259008\" data-element_type=\"column\" data-e-type=\"column\">\n\t\t\t<div class=\"elementor-widget-wrap elementor-element-populated\">\n\t\t\t\t<div class=\"has_eae_slider elementor-element elementor-element-3bfa72f e-flex e-con-boxed wpr-particle-no wpr-jarallax-no wpr-parallax-no wpr-sticky-section-no wpr-equal-height-no e-con e-parent\" data-eae-slider=\"87191\" data-id=\"3bfa72f\" data-element_type=\"container\" data-e-type=\"container\">\n\t\t\t\t\t<div class=\"e-con-inner\">\n\t\t<div class=\"has_eae_slider elementor-element elementor-element-67edccc e-con-full e-flex wpr-particle-no wpr-jarallax-no wpr-parallax-no wpr-sticky-section-no wpr-equal-height-no e-con e-child\" data-eae-slider=\"25316\" data-id=\"67edccc\" data-element_type=\"container\" data-e-type=\"container\">\n\t\t\t\t<div class=\"elementor-element elementor-element-942aee8 eae--hr-position-center eae--vr-position-middle elementor-widget elementor-widget-eae-thumbgallery\" data-id=\"942aee8\" data-element_type=\"widget\" data-e-type=\"widget\" data-settings=\"{&quot;slider_space_between&quot;:{&quot;unit&quot;:&quot;px&quot;,&quot;size&quot;:20,&quot;sizes&quot;:[]},&quot;thumb_slides_per_view&quot;:3,&quot;thumb_slides_per_view_tablet&quot;:3,&quot;thumb_slides_per_view_mobile&quot;:2,&quot;thumb_space_between&quot;:10,&quot;thumb_space_between_tablet&quot;:10,&quot;thumb_space_between_mobile&quot;:5,&quot;slider_space_between_tablet&quot;:{&quot;unit&quot;:&quot;px&quot;,&quot;size&quot;:15,&quot;sizes&quot;:[]},&quot;slider_space_between_mobile&quot;:{&quot;unit&quot;:&quot;px&quot;,&quot;size&quot;:10,&quot;sizes&quot;:[]}}\" data-widget_type=\"eae-thumbgallery.default\">\n\t\t\t\t<div class=\"elementor-widget-container\">\n\t\t\t\t\t\n\t\t<div class=\"eae-swiper-outer-wrapper eae-swiper\" data-swiper-settings=\"{&quot;breakpoints_value&quot;:{&quot;mobile&quot;:320,&quot;tablet&quot;:768,&quot;desktop&quot;:1025},&quot;thumbs&quot;:{&quot;spaceBetween&quot;:{&quot;mobile&quot;:5,&quot;tablet&quot;:10,&quot;default&quot;:10},&quot;slidesPerView&quot;:{&quot;mobile&quot;:2,&quot;tablet&quot;:3,&quot;default&quot;:3}},&quot;effect&quot;:&quot;slide&quot;,&quot;speed&quot;:500,&quot;autoplay&quot;:{&quot;duration&quot;:5000,&quot;reverseDirection&quot;:false,&quot;slider_direction&quot;:&quot;ltr&quot;,&quot;disableOnInteraction&quot;:true},&quot;pauseOnHover&quot;:&quot;yes&quot;,&quot;spaceBetween&quot;:{&quot;mobile&quot;:1,&quot;tablet&quot;:1,&quot;default&quot;:20},&quot;loop&quot;:&quot;yes&quot;,&quot;navigation&quot;:&quot;yes&quot;,&quot;clickable&quot;:false,&quot;keyboard&quot;:true}\">\n\t\t\t\t\t   \n\t\t\t<div class=\"eae-swiper-container swiper\">\n\t\t\t\t<div class=\"eae-swiper-wrapper swiper-wrapper slider_vertical_wrapper\">\n\t\t\t\t\t\n\n\t\t\t\t\t<div class=\"elementor-repeater-item-e58465a eae-swiper-slide swiper-slide\" style=\"background-image : url(https:\/\/classic2you.com\/wp-content\/uploads\/2025\/02\/2h-scaled.jpg);\">\n\t\t\t\t   \n\t\t\t\t\t\t\t\t\t\t\t\t<div class=\"eae-slide-inner\">\t\t\t\t\t\t\t\t\t\t\t\t\t\t<\/div>\t\t\t\t\t\t\t<\/div>\n\t\t\t\t   \n\t\t\t\t\t\n\n\t\t\t\t\t<div class=\"elementor-repeater-item-3b94790 eae-swiper-slide swiper-slide\" style=\"background-image : url(https:\/\/classic2you.com\/wp-content\/uploads\/2025\/02\/4.jpg);\">\n\t\t\t\t   \n\t\t\t\t\t\t\t\t\t\t\t\t<div class=\"eae-slide-inner\">\t\t\t\t\t\t\t\t\t\t\t\t\t\t<\/div>\t\t\t\t\t\t\t<\/div>\n\t\t\t\t   \n\t\t\t\t\t\n\n\t\t\t\t\t<div class=\"elementor-repeater-item-25790bf eae-swiper-slide swiper-slide\" style=\"background-image : url(https:\/\/classic2you.com\/wp-content\/uploads\/2025\/02\/1.jpeg);\">\n\t\t\t\t   \n\t\t\t\t\t\t\t\t\t\t\t\t<div class=\"eae-slide-inner\">\t\t\t\t\t\t\t\t\t\t\t\t\t\t<\/div>\t\t\t\t\t\t\t<\/div>\n\t\t\t\t   \n\t\t\t\t\t \n\t\t\t\t<\/div>\n\t\t\t   \n\t\t\t\t\t\t\t\t\t\t\t\t\t\t<div class = \"eae-swiper-button eae-slider-nav-button  eae-swiper-button-prev\">\n\t\t\t\t\t\t\t<svg class=\"e-font-icon-svg e-fa-angle-left\" viewbox=\"0 0 256 512\" xmlns=\"http:\/\/www.w3.org\/2000\/svg\"><path d=\"M31.7 239l136-136c9.4-9.4 24.6-9.4 33.9 0l22.6 22.6c9.4 9.4 9.4 24.6 0 33.9L127.9 256l96.4 96.4c9.4 9.4 9.4 24.6 0 33.9L201.7 409c-9.4 9.4-24.6 9.4-33.9 0l-136-136c-9.5-9.4-9.5-24.6-.1-34z\"><\/path><\/svg>\t\t\t\t\t\t<\/div>\t\n\t\t\t\t\t\t   \n\t\t\t\t\t\t<div class = \"eae-swiper-button eae-slider-nav-button eae-swiper-button-next\">\n\t\t\t\t\t\t\t<svg class=\"e-font-icon-svg e-fa-angle-right\" viewbox=\"0 0 256 512\" xmlns=\"http:\/\/www.w3.org\/2000\/svg\"><path d=\"M224.3 273l-136 136c-9.4 9.4-24.6 9.4-33.9 0l-22.6-22.6c-9.4-9.4-9.4-24.6 0-33.9l96.4-96.4-96.4-96.4c-9.4-9.4-9.4-24.6 0-33.9L54.3 103c9.4-9.4 24.6-9.4 33.9 0l136 136c9.5 9.4 9.5 24.6.1 34z\"><\/path><\/svg>\t\t\t\t\t\t<\/div>\t\n\t\t\t\t\t\t\t\t   \n\t\t\t\t\t\n\t\t\t<\/div>\t\n\t\t\n\t\t\t<div class=\"eae-thumb-container swiper eae-gallery-thumbs eae-thumb-horizontal-bottom\">\n\t\t\t\t<div class=\"eae-thumb-wrapper swiper-wrapper\">\n\t\t\t\t\t\t\t\t\t\t   \n\t\t\t\t\t\t<div class=\"elementor-repeater-item-e58465a eae-thumb-slide swiper-slide\" style=\"background-image : url(https:\/\/classic2you.com\/wp-content\/uploads\/2025\/02\/2h-scaled.jpg);\">\n\t\t\t\t\t\t\t\t<div class='eae-fit-aspect-ratio'><\/div>\n\t\t\t\t\t\t<\/div>\n\t\t\t\t\t\t\t\t\t\t   \n\t\t\t\t\t\t<div class=\"elementor-repeater-item-3b94790 eae-thumb-slide swiper-slide\" style=\"background-image : url(https:\/\/classic2you.com\/wp-content\/uploads\/2025\/02\/4.jpg);\">\n\t\t\t\t\t\t\t\t<div class='eae-fit-aspect-ratio'><\/div>\n\t\t\t\t\t\t<\/div>\n\t\t\t\t\t\t\t\t\t\t   \n\t\t\t\t\t\t<div class=\"elementor-repeater-item-25790bf eae-thumb-slide swiper-slide\" style=\"background-image : url(https:\/\/classic2you.com\/wp-content\/uploads\/2025\/02\/1.jpeg);\">\n\t\t\t\t\t\t\t\t<div class='eae-fit-aspect-ratio'><\/div>\n\t\t\t\t\t\t<\/div>\n\t\t\t\t\t \n\t\t\t\t<\/div>\n\n\t\t\t\t\n\t\t\t<\/div>\n\n\t\t\t\t<\/div> \n\t\t\t\t\t\t<\/div>\n\t\t\t\t<\/div>\n\t\t\t\t<\/div>\n\t\t\t\t\t<\/div>\n\t\t\t\t<\/div>\n\t\t\t\t\t<\/div>\n\t\t<\/div>\n\t\t\t\t<div class=\"has_eae_slider elementor-column elementor-col-50 elementor-top-column elementor-element elementor-element-788c9d85\" data-eae-slider=\"53957\" data-id=\"788c9d85\" data-element_type=\"column\" data-e-type=\"column\">\n\t\t\t<div class=\"elementor-widget-wrap elementor-element-populated\">\n\t\t\t\t\t\t<div class=\"elementor-element elementor-element-25f854f3 elementor-invisible elementor-widget elementor-widget-heading\" data-id=\"25f854f3\" data-element_type=\"widget\" data-e-type=\"widget\" data-settings=\"{&quot;_animation&quot;:&quot;fadeIn&quot;}\" data-widget_type=\"heading.default\">\n\t\t\t\t<div class=\"elementor-widget-container\">\n\t\t\t\t\t<h2 class=\"elementor-heading-title elementor-size-default\">SEAT 600 E<\/h2>\t\t\t\t<\/div>\n\t\t\t\t<\/div>\n\t\t\t\t<div class=\"elementor-element elementor-element-e79f99f elementor-widget__width-initial elementor-align-start elementor-icon-list--layout-traditional elementor-list-item-link-full_width elementor-widget elementor-widget-icon-list\" data-id=\"e79f99f\" data-element_type=\"widget\" data-e-type=\"widget\" data-widget_type=\"icon-list.default\">\n\t\t\t\t<div class=\"elementor-widget-container\">\n\t\t\t\t\t\t\t<ul class=\"elementor-icon-list-items\">\n\t\t\t\t\t\t\t<li class=\"elementor-icon-list-item\">\n\t\t\t\t\t\t\t\t\t\t<span class=\"elementor-icon-list-text\">PRECIO: 4.400\u20ac<\/span>\n\t\t\t\t\t\t\t\t\t<\/li>\n\t\t\t\t\t\t\t\t<li class=\"elementor-icon-list-item\">\n\t\t\t\t\t\t\t\t\t\t<span class=\"elementor-icon-list-text\">A\u00d1O FABRICACI\u00d3N: 1972<\/span>\n\t\t\t\t\t\t\t\t\t<\/li>\n\t\t\t\t\t\t\t\t<li class=\"elementor-icon-list-item\">\n\t\t\t\t\t\t\t\t\t\t<span class=\"elementor-icon-list-text\">DOCUMENTACI\u00d3N EN REGLA<\/span>\n\t\t\t\t\t\t\t\t\t<\/li>\n\t\t\t\t\t\t\t\t<li class=\"elementor-icon-list-item\">\n\t\t\t\t\t\t\t\t\t\t<span class=\"elementor-icon-list-text\">MOTOR QUATRE CILINDRES EN L\u00cdNEA<\/span>\n\t\t\t\t\t\t\t\t\t<\/li>\n\t\t\t\t\t\t\t\t<li class=\"elementor-icon-list-item\">\n\t\t\t\t\t\t\t\t\t\t<span class=\"elementor-icon-list-text\">POT\u00c9NCIA: 25 CV A 4800 rpm<\/span>\n\t\t\t\t\t\t\t\t\t<\/li>\n\t\t\t\t\t\t\t\t<li class=\"elementor-icon-list-item\">\n\t\t\t\t\t\t\t\t\t\t<span class=\"elementor-icon-list-text\">CAMBIO MANUAL 4 VELOCIDADES<\/span>\n\t\t\t\t\t\t\t\t\t<\/li>\n\t\t\t\t\t\t\t\t<li class=\"elementor-icon-list-item\">\n\t\t\t\t\t\t\t\t\t\t<span class=\"elementor-icon-list-text\">COMBUSTIBLE GASOLINA CON PLOMO<\/span>\n\t\t\t\t\t\t\t\t\t<\/li>\n\t\t\t\t\t\t<\/ul>\n\t\t\t\t\t\t<\/div>\n\t\t\t\t<\/div>\n\t\t\t\t<div class=\"elementor-element elementor-element-3507f17 elementor-align-left elementor-widget elementor-widget-button\" data-id=\"3507f17\" data-element_type=\"widget\" data-e-type=\"widget\" data-widget_type=\"button.default\">\n\t\t\t\t<div class=\"elementor-widget-container\">\n\t\t\t\t\t\t\t\t\t<div class=\"elementor-button-wrapper\">\n\t\t\t\t\t<a class=\"elementor-button elementor-button-link elementor-size-sm\" href=\"#\">\n\t\t\t\t\t\t<span class=\"elementor-button-content-wrapper\">\n\t\t\t\t\t\t\t\t\t<span class=\"elementor-button-text\">CONTACTAR<\/span>\n\t\t\t\t\t<\/span>\n\t\t\t\t\t<\/a>\n\t\t\t\t<\/div>\n\t\t\t\t\t\t\t\t<\/div>\n\t\t\t\t<\/div>\n\t\t\t\t\t<\/div>\n\t\t<\/div>\n\t\t\t\t\t<\/div>\n\t\t<\/section>\n\t\t<div class=\"has_eae_slider elementor-element elementor-element-42d03bf e-flex e-con-boxed wpr-particle-no wpr-jarallax-no wpr-parallax-no wpr-sticky-section-no wpr-equal-height-no e-con e-parent\" data-eae-slider=\"86636\" data-id=\"42d03bf\" data-element_type=\"container\" data-e-type=\"container\" data-settings=\"{&quot;background_background&quot;:&quot;classic&quot;}\">\n\t\t\t\t\t<div class=\"e-con-inner\">\n\t\t<div class=\"has_eae_slider elementor-element elementor-element-f67cf2e e-con-full e-flex wpr-particle-no wpr-jarallax-no wpr-parallax-no wpr-sticky-section-no wpr-equal-height-no e-con e-child\" data-eae-slider=\"79342\" data-id=\"f67cf2e\" data-element_type=\"container\" data-e-type=\"container\">\n\t\t\t\t<div class=\"elementor-element elementor-element-9ed819b elementor-invisible elementor-widget elementor-widget-heading\" data-id=\"9ed819b\" data-element_type=\"widget\" data-e-type=\"widget\" data-settings=\"{&quot;_animation&quot;:&quot;fadeIn&quot;}\" data-widget_type=\"heading.default\">\n\t\t\t\t<div class=\"elementor-widget-container\">\n\t\t\t\t\t<h2 class=\"elementor-heading-title elementor-size-default\">SEAT 600 E<\/h2>\t\t\t\t<\/div>\n\t\t\t\t<\/div>\n\t\t\t\t<div class=\"elementor-element elementor-element-e41c87c elementor-widget__width-initial elementor-widget elementor-widget-text-editor\" data-id=\"e41c87c\" data-element_type=\"widget\" data-e-type=\"widget\" data-widget_type=\"text-editor.default\">\n\t\t\t\t<div class=\"elementor-widget-container\">\n\t\t\t\t\t\t\t\t\t<p align=\"left\">Si eres de la rama dura de los aficionados por los coches cl\u00e1sicos, seguro que cuando veas la foto de este 600, pensar\u00e1s que es una aberraci\u00f3n y que hemos destrozado el coche.<\/p><p align=\"left\">Quiero explicar que el estado del coche cuando lo rescatamos era deplorable. Seguramente otra persona, poniendo tiempo y dinero, la hubiera reconstruido, fiel a su estado original.<\/p><p align=\"left\">Nosotros tuvimos que ir, por otro lado,\u00a0y reformarlo, sin piedad y en el menor coste posible.<\/p><p align=\"left\">Igual a la rama m\u00e1s liberal de aficionados, puede incluso gustarle.<\/p><p align=\"left\">Las reformas hechas aportan modernidad al veh\u00edculo y alargan su vida.<\/p><p align=\"left\">Este veh\u00edculo fue matriculado el 12 de noviembre de 1972.<\/p><p align=\"left\">Como se puede ver en la foto, est\u00e1 totalmente reformado por fuera. La chapa ha sido desabollada,\u00a0enmasillada\u00a0y pintada.<\/p><p align=\"left\">La parte mec\u00e1nica ha sido repasada, sustituidos todos aquellos elementos rotos y repasadas todas aquellas piezas que lo requer\u00edan.<\/p><p align=\"left\">El interior conserva los elementos de origen, salvo el volante, que fue sustituido.<\/p><p align=\"left\">La tapicer\u00eda es el original de napel con el confort de antes y tiene alg\u00fan desconchado. Los asientos son reclinables totalmente hacia delante.<\/p><p align=\"left\">El motor de gasolina con plomo y cuatro cilindros en l\u00ednea, desarrolla una potencia de\u00a025CV\u00a0a 4.800\u00a0rpm\u00a0y consigue una velocidad de 108 km\/h.<\/p><p align=\"left\">Cambio manual de 4 velocidades. Frenos de tambor en las cuatro ruedas.<\/p><p align=\"left\">Capacidad del dep\u00f3sito de gasolina de 30 litros y un consumo medio de 7 litros a los 100 km.<\/p>\t\t\t\t\t\t\t\t<\/div>\n\t\t\t\t<\/div>\n\t\t\t\t<\/div>\n\t\t\t\t\t<\/div>\n\t\t\t\t<\/div>\n\t\t\t\t<\/div>","protected":false},"excerpt":{"rendered":"<p>SEAT 600 E PREU: 4.400\u20ac ANY FABRICACI\u00d3: 1972 DOCUMENTACI\u00d3 EN REGLE MOTOR QUATRE CILINDRES EN L\u00cdNEA POT\u00c8NCIA: 25CV CANVI MANUAL 4 VELOCITATS COMBUSTIBLE BETZINA AMB PLOMB CONTACTAR SEAT 600 E Si ets de la branca dura dels aficionats pels cotxes cl\u00e0ssics, segur que quan vegis la foto d\u2019aquest 600, pensar\u00e0s que \u00e9s una aberraci\u00f3 i que hem destrossat el cotxe. Vull explicar que l\u2019estat del cotxe quan el v\u00e0rem rescatar, era deplorable. Segurament un altra persona, posant temps i caler, l\u2019hages reconstru\u00eft, seguin fil per randa l\u2019estat original. Nosaltres v\u00e0rem haver d&#8217;anar per un altra banda i reformar-lo, sense pietat i en el menor cost possible. Igual a la branca, m\u00e9s lliberal dels aficionats, l&#8217;hi pot incl\u00fas agradar. Les reformes fetes aportant modernitat al vehicle i allargant la seva vida. Aquest vehicle va ser matriculat el 12 de novembre del 1972. Com podeu veure a la foto, est\u00e0 totalment reformat per fora. La xapa ha estat\u00a0desabonyegada,\u00a0massillada\u00a0i pintada. La part mec\u00e0nica ha estat repassada, substituint tots aquells elements trencats i repassades totes aquelles peces que ho requerien. L&#8217;interior conserva els elements d&#8217;origen, menys el volant, que fou substitu\u00eft. La tapisseria\u00a0\u00e9s\u00a0l&#8217;original de\u00a0napel\u00a0amb el confort d&#8217;abans i\u00a0t\u00e9\u00a0algun desconxat. Els\u00a0seients s\u00f3n\u00a0reclinables totalment cap endavant. El motor\u00a0de benzina amb plom i quatre cilindres amb l\u00ednia, desenvolupa\u00a0una\u00a0pot\u00e8ncia\u00a0de\u00a025\u202fCV\u00a0a 4.800\u00a0rpm\u00a0i aconsegueix una\u00a0velocitat\u00a0de 108 km\/h. Canvi manual de 4 velocitats. Frens de tambor a les quatre rodes. Capacitat del dip\u00f2sit de benzina de 30 litres i un consum mitja de 7 litres als 100 km.<\/p>","protected":false},"author":1,"featured_media":0,"parent":1416,"menu_order":0,"comment_status":"closed","ping_status":"closed","template":"elementor_header_footer","meta":{"footnotes":""},"class_list":["post-1943","page","type-page","status-publish","hentry"],"yoast_head":"<!-- This site is optimized with the Yoast SEO plugin v27.3 - https:\/\/yoast.com\/product\/yoast-seo-wordpress\/ -->\n<title>SEAT 600 E &#8211; Totalmente Reformado por Fuera &#8211; Pintura EL\u00c9CTRICA.<\/title>\n<meta name=\"description\" content=\"Venta de Coche Cl\u00e1sico SEAT 600 E &#8211; A\u00f1o 1972 &#8211; 4.400\u20ac &#8211; Revisado y Listo para Circular &#8211; ITV Pasada y Papeles en Regla.\" \/>\n<meta name=\"robots\" content=\"index, follow, max-snippet:-1, max-image-preview:large, max-video-preview:-1\" \/>\n<link rel=\"canonical\" href=\"https:\/\/classic2you.com\/es\/inicio\/catalogo\/seat-600-e\/\" \/>\n<meta property=\"og:locale\" content=\"es_ES\" \/>\n<meta property=\"og:type\" content=\"article\" \/>\n<meta property=\"og:title\" content=\"SEAT 600 E &#8211; Totalmente Reformado por Fuera &#8211; Pintura EL\u00c9CTRICA.\" \/>\n<meta property=\"og:description\" content=\"Venta de Coche Cl\u00e1sico SEAT 600 E &#8211; A\u00f1o 1972 &#8211; 4.400\u20ac &#8211; Revisado y Listo para Circular &#8211; ITV Pasada y Papeles en Regla.\" \/>\n<meta property=\"og:url\" content=\"https:\/\/classic2you.com\/es\/inicio\/catalogo\/seat-600-e\/\" \/>\n<meta property=\"og:site_name\" content=\"Classic2you\" \/>\n<meta property=\"article:publisher\" content=\"https:\/\/www.facebook.com\/XavierFerranA\" \/>\n<meta property=\"article:modified_time\" content=\"2025-05-14T10:51:42+00:00\" \/>\n<meta property=\"og:image\" content=\"https:\/\/classic2you.com\/wp-content\/uploads\/2024\/03\/500x500.png\" \/>\n\t<meta property=\"og:image:width\" content=\"500\" \/>\n\t<meta property=\"og:image:height\" content=\"500\" \/>\n\t<meta property=\"og:image:type\" content=\"image\/png\" \/>\n<meta name=\"twitter:card\" content=\"summary_large_image\" \/>\n<meta name=\"twitter:label1\" content=\"Tiempo de lectura\" \/>\n\t<meta name=\"twitter:data1\" content=\"2 minutos\" \/>\n<script type=\"application\/ld+json\" class=\"yoast-schema-graph\">{\"@context\":\"https:\\\/\\\/schema.org\",\"@graph\":[{\"@type\":\"WebPage\",\"@id\":\"https:\\\/\\\/classic2you.com\\\/inicio\\\/catalogo\\\/seat-600-e\\\/\",\"url\":\"https:\\\/\\\/classic2you.com\\\/inicio\\\/catalogo\\\/seat-600-e\\\/\",\"name\":\"SEAT 600 E &#8211; Totalmente Reformado por Fuera &#8211; Pintura EL\u00c9CTRICA.\",\"isPartOf\":{\"@id\":\"https:\\\/\\\/classic2you.com\\\/#website\"},\"datePublished\":\"2025-02-20T17:21:08+00:00\",\"dateModified\":\"2025-05-14T10:51:42+00:00\",\"description\":\"Venta de Coche Cl\u00e1sico SEAT 600 E &#8211; A\u00f1o 1972 &#8211; 4.400\u20ac &#8211; Revisado y Listo para Circular &#8211; ITV Pasada y Papeles en Regla.\",\"breadcrumb\":{\"@id\":\"https:\\\/\\\/classic2you.com\\\/inicio\\\/catalogo\\\/seat-600-e\\\/#breadcrumb\"},\"inLanguage\":\"es\",\"potentialAction\":[{\"@type\":\"ReadAction\",\"target\":[\"https:\\\/\\\/classic2you.com\\\/inicio\\\/catalogo\\\/seat-600-e\\\/\"]}]},{\"@type\":\"BreadcrumbList\",\"@id\":\"https:\\\/\\\/classic2you.com\\\/inicio\\\/catalogo\\\/seat-600-e\\\/#breadcrumb\",\"itemListElement\":[{\"@type\":\"ListItem\",\"position\":1,\"name\":\"Home\",\"item\":\"https:\\\/\\\/classic2you.com\\\/\"},{\"@type\":\"ListItem\",\"position\":2,\"name\":\"Inicio\",\"item\":\"https:\\\/\\\/classic2you.com\\\/\"},{\"@type\":\"ListItem\",\"position\":3,\"name\":\"Cat\u00e1logo\",\"item\":\"https:\\\/\\\/classic2you.com\\\/inicio\\\/catalogo\\\/\"},{\"@type\":\"ListItem\",\"position\":4,\"name\":\"SEAT 600 E\"}]},{\"@type\":\"WebSite\",\"@id\":\"https:\\\/\\\/classic2you.com\\\/#website\",\"url\":\"https:\\\/\\\/classic2you.com\\\/\",\"name\":\"Classic2you\",\"description\":\"Venta de Coches Cl\u00e1sicos\",\"publisher\":{\"@id\":\"https:\\\/\\\/classic2you.com\\\/#organization\"},\"alternateName\":\"Classic2You\",\"potentialAction\":[{\"@type\":\"SearchAction\",\"target\":{\"@type\":\"EntryPoint\",\"urlTemplate\":\"https:\\\/\\\/classic2you.com\\\/?s={search_term_string}\"},\"query-input\":{\"@type\":\"PropertyValueSpecification\",\"valueRequired\":true,\"valueName\":\"search_term_string\"}}],\"inLanguage\":\"es\"},{\"@type\":\"Organization\",\"@id\":\"https:\\\/\\\/classic2you.com\\\/#organization\",\"name\":\"Classic2you\",\"url\":\"https:\\\/\\\/classic2you.com\\\/\",\"logo\":{\"@type\":\"ImageObject\",\"inLanguage\":\"es\",\"@id\":\"https:\\\/\\\/classic2you.com\\\/#\\\/schema\\\/logo\\\/image\\\/\",\"url\":\"https:\\\/\\\/classic2you.com\\\/wp-content\\\/uploads\\\/2024\\\/04\\\/Untitled-1.png\",\"contentUrl\":\"https:\\\/\\\/classic2you.com\\\/wp-content\\\/uploads\\\/2024\\\/04\\\/Untitled-1.png\",\"width\":304,\"height\":230,\"caption\":\"Classic2you\"},\"image\":{\"@id\":\"https:\\\/\\\/classic2you.com\\\/#\\\/schema\\\/logo\\\/image\\\/\"},\"sameAs\":[\"https:\\\/\\\/www.facebook.com\\\/XavierFerranA\",\"https:\\\/\\\/www.youtube.com\\\/channel\\\/UCwwCuVEeh8JOTXaPHMXiIBg\",\"https:\\\/\\\/www.instagram.com\\\/classic2you\\\/\"]}]}<\/script>\n<!-- \/ Yoast SEO plugin. -->","yoast_head_json":{"title":"SEAT 600 E &#8211; Totalmente Reformado por Fuera &#8211; Pintura EL\u00c9CTRICA.","description":"Venta de Coche Cl\u00e1sico SEAT 600 E &#8211; A\u00f1o 1972 &#8211; 4.400\u20ac &#8211; Revisado y Listo para Circular &#8211; ITV Pasada y Papeles en Regla.","robots":{"index":"index","follow":"follow","max-snippet":"max-snippet:-1","max-image-preview":"max-image-preview:large","max-video-preview":"max-video-preview:-1"},"canonical":"https:\/\/classic2you.com\/es\/inicio\/catalogo\/seat-600-e\/","og_locale":"es_ES","og_type":"article","og_title":"SEAT 600 E &#8211; Totalmente Reformado por Fuera &#8211; Pintura EL\u00c9CTRICA.","og_description":"Venta de Coche Cl\u00e1sico SEAT 600 E &#8211; A\u00f1o 1972 &#8211; 4.400\u20ac &#8211; Revisado y Listo para Circular &#8211; ITV Pasada y Papeles en Regla.","og_url":"https:\/\/classic2you.com\/es\/inicio\/catalogo\/seat-600-e\/","og_site_name":"Classic2you","article_publisher":"https:\/\/www.facebook.com\/XavierFerranA","article_modified_time":"2025-05-14T10:51:42+00:00","og_image":[{"width":500,"height":500,"url":"https:\/\/classic2you.com\/wp-content\/uploads\/2024\/03\/500x500.png","type":"image\/png"}],"twitter_card":"summary_large_image","twitter_misc":{"Tiempo de lectura":"2 minutos"},"schema":{"@context":"https:\/\/schema.org","@graph":[{"@type":"WebPage","@id":"https:\/\/classic2you.com\/inicio\/catalogo\/seat-600-e\/","url":"https:\/\/classic2you.com\/inicio\/catalogo\/seat-600-e\/","name":"SEAT 600 E &#8211; Totalmente Reformado por Fuera &#8211; Pintura EL\u00c9CTRICA.","isPartOf":{"@id":"https:\/\/classic2you.com\/#website"},"datePublished":"2025-02-20T17:21:08+00:00","dateModified":"2025-05-14T10:51:42+00:00","description":"Venta de Coche Cl\u00e1sico SEAT 600 E &#8211; A\u00f1o 1972 &#8211; 4.400\u20ac &#8211; Revisado y Listo para Circular &#8211; ITV Pasada y Papeles en Regla.","breadcrumb":{"@id":"https:\/\/classic2you.com\/inicio\/catalogo\/seat-600-e\/#breadcrumb"},"inLanguage":"es","potentialAction":[{"@type":"ReadAction","target":["https:\/\/classic2you.com\/inicio\/catalogo\/seat-600-e\/"]}]},{"@type":"BreadcrumbList","@id":"https:\/\/classic2you.com\/inicio\/catalogo\/seat-600-e\/#breadcrumb","itemListElement":[{"@type":"ListItem","position":1,"name":"Home","item":"https:\/\/classic2you.com\/"},{"@type":"ListItem","position":2,"name":"Inicio","item":"https:\/\/classic2you.com\/"},{"@type":"ListItem","position":3,"name":"Cat\u00e1logo","item":"https:\/\/classic2you.com\/inicio\/catalogo\/"},{"@type":"ListItem","position":4,"name":"SEAT 600 E"}]},{"@type":"WebSite","@id":"https:\/\/classic2you.com\/#website","url":"https:\/\/classic2you.com\/","name":"Classic2you","description":"Venta de Coches Cl\u00e1sicos","publisher":{"@id":"https:\/\/classic2you.com\/#organization"},"alternateName":"Classic2You","potentialAction":[{"@type":"SearchAction","target":{"@type":"EntryPoint","urlTemplate":"https:\/\/classic2you.com\/?s={search_term_string}"},"query-input":{"@type":"PropertyValueSpecification","valueRequired":true,"valueName":"search_term_string"}}],"inLanguage":"es"},{"@type":"Organization","@id":"https:\/\/classic2you.com\/#organization","name":"Classic2you","url":"https:\/\/classic2you.com\/","logo":{"@type":"ImageObject","inLanguage":"es","@id":"https:\/\/classic2you.com\/#\/schema\/logo\/image\/","url":"https:\/\/classic2you.com\/wp-content\/uploads\/2024\/04\/Untitled-1.png","contentUrl":"https:\/\/classic2you.com\/wp-content\/uploads\/2024\/04\/Untitled-1.png","width":304,"height":230,"caption":"Classic2you"},"image":{"@id":"https:\/\/classic2you.com\/#\/schema\/logo\/image\/"},"sameAs":["https:\/\/www.facebook.com\/XavierFerranA","https:\/\/www.youtube.com\/channel\/UCwwCuVEeh8JOTXaPHMXiIBg","https:\/\/www.instagram.com\/classic2you\/"]}]}},"rttpg_featured_image_url":null,"rttpg_author":{"display_name":"classic2you","author_link":"https:\/\/classic2you.com\/es\/author\/classic2you\/"},"rttpg_comment":0,"rttpg_category":null,"rttpg_excerpt":"SEAT 600 E PREU: 4.400\u20ac ANY FABRICACI\u00d3: 1972 DOCUMENTACI\u00d3 EN REGLE MOTOR QUATRE CILINDRES EN L\u00cdNEA POT\u00c8NCIA: 25CV CANVI MANUAL 4 VELOCITATS COMBUSTIBLE BETZINA AMB PLOMB CONTACTAR SEAT 600 E Si ets de la branca dura dels aficionats pels cotxes cl\u00e0ssics, segur que quan vegis la foto d\u2019aquest 600, pensar\u00e0s que \u00e9s una aberraci\u00f3 i&hellip;","_links":{"self":[{"href":"https:\/\/classic2you.com\/es\/wp-json\/wp\/v2\/pages\/1943","targetHints":{"allow":["GET"]}}],"collection":[{"href":"https:\/\/classic2you.com\/es\/wp-json\/wp\/v2\/pages"}],"about":[{"href":"https:\/\/classic2you.com\/es\/wp-json\/wp\/v2\/types\/page"}],"author":[{"embeddable":true,"href":"https:\/\/classic2you.com\/es\/wp-json\/wp\/v2\/users\/1"}],"replies":[{"embeddable":true,"href":"https:\/\/classic2you.com\/es\/wp-json\/wp\/v2\/comments?post=1943"}],"version-history":[{"count":5,"href":"https:\/\/classic2you.com\/es\/wp-json\/wp\/v2\/pages\/1943\/revisions"}],"predecessor-version":[{"id":2837,"href":"https:\/\/classic2you.com\/es\/wp-json\/wp\/v2\/pages\/1943\/revisions\/2837"}],"up":[{"embeddable":true,"href":"https:\/\/classic2you.com\/es\/wp-json\/wp\/v2\/pages\/1416"}],"wp:attachment":[{"href":"https:\/\/classic2you.com\/es\/wp-json\/wp\/v2\/media?parent=1943"}],"curies":[{"name":"wp","href":"https:\/\/api.w.org\/{rel}","templated":true}]}}