{"id":1653,"date":"2025-02-20T17:16:04","date_gmt":"2025-02-20T17:16:04","guid":{"rendered":"https:\/\/classic2you.com\/?page_id=1653"},"modified":"2025-05-14T10:57:23","modified_gmt":"2025-05-14T10:57:23","slug":"morris-1100","status":"publish","type":"page","link":"https:\/\/classic2you.com\/es\/inicio\/catalogo\/morris-1100\/","title":{"rendered":"MORRIS 1100"},"content":{"rendered":"<div data-elementor-type=\"wp-page\" data-elementor-id=\"1653\" class=\"elementor elementor-1653\">\n\t\t\t\t\t\t<section class=\"has_eae_slider elementor-section elementor-top-section elementor-element elementor-element-7f9f9c2a elementor-section-content-middle elementor-section-boxed elementor-section-height-default elementor-section-height-default wpr-particle-no wpr-jarallax-no wpr-parallax-no wpr-sticky-section-no wpr-equal-height-no\" data-eae-slider=\"34356\" data-id=\"7f9f9c2a\" data-element_type=\"section\" data-e-type=\"section\" data-settings=\"{&quot;background_background&quot;:&quot;classic&quot;}\">\n\t\t\t\t\t\t\t<div class=\"elementor-background-overlay\"><\/div>\n\t\t\t\t\t\t\t<div class=\"elementor-container elementor-column-gap-no\">\n\t\t\t\t\t<div class=\"has_eae_slider elementor-column elementor-col-50 elementor-top-column elementor-element elementor-element-52259008\" data-eae-slider=\"80809\" data-id=\"52259008\" data-element_type=\"column\" data-e-type=\"column\">\n\t\t\t<div class=\"elementor-widget-wrap elementor-element-populated\">\n\t\t\t\t<div class=\"has_eae_slider elementor-element elementor-element-3bfa72f e-flex e-con-boxed wpr-particle-no wpr-jarallax-no wpr-parallax-no wpr-sticky-section-no wpr-equal-height-no e-con e-parent\" data-eae-slider=\"39839\" data-id=\"3bfa72f\" data-element_type=\"container\" data-e-type=\"container\">\n\t\t\t\t\t<div class=\"e-con-inner\">\n\t\t<div class=\"has_eae_slider elementor-element elementor-element-67edccc e-con-full e-flex wpr-particle-no wpr-jarallax-no wpr-parallax-no wpr-sticky-section-no wpr-equal-height-no e-con e-child\" data-eae-slider=\"8459\" data-id=\"67edccc\" data-element_type=\"container\" data-e-type=\"container\">\n\t\t\t\t<div class=\"elementor-element elementor-element-942aee8 eae--hr-position-center eae--vr-position-middle elementor-widget elementor-widget-eae-thumbgallery\" data-id=\"942aee8\" data-element_type=\"widget\" data-e-type=\"widget\" data-settings=\"{&quot;slider_space_between&quot;:{&quot;unit&quot;:&quot;px&quot;,&quot;size&quot;:20,&quot;sizes&quot;:[]},&quot;thumb_slides_per_view&quot;:3,&quot;thumb_slides_per_view_tablet&quot;:3,&quot;thumb_slides_per_view_mobile&quot;:2,&quot;thumb_space_between&quot;:10,&quot;thumb_space_between_tablet&quot;:10,&quot;thumb_space_between_mobile&quot;:5,&quot;slider_space_between_tablet&quot;:{&quot;unit&quot;:&quot;px&quot;,&quot;size&quot;:15,&quot;sizes&quot;:[]},&quot;slider_space_between_mobile&quot;:{&quot;unit&quot;:&quot;px&quot;,&quot;size&quot;:10,&quot;sizes&quot;:[]}}\" data-widget_type=\"eae-thumbgallery.default\">\n\t\t\t\t<div class=\"elementor-widget-container\">\n\t\t\t\t\t\n\t\t<div class=\"eae-swiper-outer-wrapper eae-swiper\" data-swiper-settings=\"{&quot;breakpoints_value&quot;:{&quot;mobile&quot;:320,&quot;tablet&quot;:768,&quot;desktop&quot;:1025},&quot;thumbs&quot;:{&quot;spaceBetween&quot;:{&quot;mobile&quot;:5,&quot;tablet&quot;:10,&quot;default&quot;:10},&quot;slidesPerView&quot;:{&quot;mobile&quot;:2,&quot;tablet&quot;:3,&quot;default&quot;:3}},&quot;effect&quot;:&quot;slide&quot;,&quot;speed&quot;:500,&quot;autoplay&quot;:{&quot;duration&quot;:5000,&quot;reverseDirection&quot;:false,&quot;slider_direction&quot;:&quot;ltr&quot;,&quot;disableOnInteraction&quot;:true},&quot;pauseOnHover&quot;:&quot;yes&quot;,&quot;spaceBetween&quot;:{&quot;mobile&quot;:1,&quot;tablet&quot;:1,&quot;default&quot;:20},&quot;loop&quot;:&quot;yes&quot;,&quot;navigation&quot;:&quot;yes&quot;,&quot;clickable&quot;:false,&quot;keyboard&quot;:true}\">\n\t\t\t\t\t   \n\t\t\t<div class=\"eae-swiper-container swiper\">\n\t\t\t\t<div class=\"eae-swiper-wrapper swiper-wrapper slider_vertical_wrapper\">\n\t\t\t\t\t\n\n\t\t\t\t\t<div class=\"elementor-repeater-item-e58465a eae-swiper-slide swiper-slide\" style=\"background-image : url(https:\/\/classic2you.com\/wp-content\/uploads\/2025\/02\/1g.jpg);\">\n\t\t\t\t   \n\t\t\t\t\t\t\t\t\t\t\t\t<div class=\"eae-slide-inner\">\t\t\t\t\t\t\t\t\t\t\t\t\t\t<\/div>\t\t\t\t\t\t\t<\/div>\n\t\t\t\t   \n\t\t\t\t\t\n\n\t\t\t\t\t<div class=\"elementor-repeater-item-3b94790 eae-swiper-slide swiper-slide\" style=\"background-image : url(https:\/\/classic2you.com\/wp-content\/uploads\/2025\/02\/2g.jpg);\">\n\t\t\t\t   \n\t\t\t\t\t\t\t\t\t\t\t\t<div class=\"eae-slide-inner\">\t\t\t\t\t\t\t\t\t\t\t\t\t\t<\/div>\t\t\t\t\t\t\t<\/div>\n\t\t\t\t   \n\t\t\t\t\t\n\n\t\t\t\t\t<div class=\"elementor-repeater-item-25790bf eae-swiper-slide swiper-slide\" style=\"background-image : url(https:\/\/classic2you.com\/wp-content\/uploads\/2025\/02\/1g.jpg);\">\n\t\t\t\t   \n\t\t\t\t\t\t\t\t\t\t\t\t<div class=\"eae-slide-inner\">\t\t\t\t\t\t\t\t\t\t\t\t\t\t<\/div>\t\t\t\t\t\t\t<\/div>\n\t\t\t\t   \n\t\t\t\t\t \n\t\t\t\t<\/div>\n\t\t\t   \n\t\t\t\t\t\t\t\t\t\t\t\t\t\t<div class = \"eae-swiper-button eae-slider-nav-button  eae-swiper-button-prev\">\n\t\t\t\t\t\t\t<svg class=\"e-font-icon-svg e-fa-angle-left\" viewbox=\"0 0 256 512\" xmlns=\"http:\/\/www.w3.org\/2000\/svg\"><path d=\"M31.7 239l136-136c9.4-9.4 24.6-9.4 33.9 0l22.6 22.6c9.4 9.4 9.4 24.6 0 33.9L127.9 256l96.4 96.4c9.4 9.4 9.4 24.6 0 33.9L201.7 409c-9.4 9.4-24.6 9.4-33.9 0l-136-136c-9.5-9.4-9.5-24.6-.1-34z\"><\/path><\/svg>\t\t\t\t\t\t<\/div>\t\n\t\t\t\t\t\t   \n\t\t\t\t\t\t<div class = \"eae-swiper-button eae-slider-nav-button eae-swiper-button-next\">\n\t\t\t\t\t\t\t<svg class=\"e-font-icon-svg e-fa-angle-right\" viewbox=\"0 0 256 512\" xmlns=\"http:\/\/www.w3.org\/2000\/svg\"><path d=\"M224.3 273l-136 136c-9.4 9.4-24.6 9.4-33.9 0l-22.6-22.6c-9.4-9.4-9.4-24.6 0-33.9l96.4-96.4-96.4-96.4c-9.4-9.4-9.4-24.6 0-33.9L54.3 103c9.4-9.4 24.6-9.4 33.9 0l136 136c9.5 9.4 9.5 24.6.1 34z\"><\/path><\/svg>\t\t\t\t\t\t<\/div>\t\n\t\t\t\t\t\t\t\t   \n\t\t\t\t\t\n\t\t\t<\/div>\t\n\t\t\n\t\t\t<div class=\"eae-thumb-container swiper eae-gallery-thumbs eae-thumb-horizontal-bottom\">\n\t\t\t\t<div class=\"eae-thumb-wrapper swiper-wrapper\">\n\t\t\t\t\t\t\t\t\t\t   \n\t\t\t\t\t\t<div class=\"elementor-repeater-item-e58465a eae-thumb-slide swiper-slide\" style=\"background-image : url(https:\/\/classic2you.com\/wp-content\/uploads\/2025\/02\/1g.jpg);\">\n\t\t\t\t\t\t\t\t<div class='eae-fit-aspect-ratio'><\/div>\n\t\t\t\t\t\t<\/div>\n\t\t\t\t\t\t\t\t\t\t   \n\t\t\t\t\t\t<div class=\"elementor-repeater-item-3b94790 eae-thumb-slide swiper-slide\" style=\"background-image : url(https:\/\/classic2you.com\/wp-content\/uploads\/2025\/02\/2g.jpg);\">\n\t\t\t\t\t\t\t\t<div class='eae-fit-aspect-ratio'><\/div>\n\t\t\t\t\t\t<\/div>\n\t\t\t\t\t\t\t\t\t\t   \n\t\t\t\t\t\t<div class=\"elementor-repeater-item-25790bf eae-thumb-slide swiper-slide\" style=\"background-image : url(https:\/\/classic2you.com\/wp-content\/uploads\/2025\/02\/1g.jpg);\">\n\t\t\t\t\t\t\t\t<div class='eae-fit-aspect-ratio'><\/div>\n\t\t\t\t\t\t<\/div>\n\t\t\t\t\t \n\t\t\t\t<\/div>\n\n\t\t\t\t\n\t\t\t<\/div>\n\n\t\t\t\t<\/div> \n\t\t\t\t\t\t<\/div>\n\t\t\t\t<\/div>\n\t\t\t\t<\/div>\n\t\t\t\t\t<\/div>\n\t\t\t\t<\/div>\n\t\t\t\t\t<\/div>\n\t\t<\/div>\n\t\t\t\t<div class=\"has_eae_slider elementor-column elementor-col-50 elementor-top-column elementor-element elementor-element-788c9d85\" data-eae-slider=\"54682\" data-id=\"788c9d85\" data-element_type=\"column\" data-e-type=\"column\">\n\t\t\t<div class=\"elementor-widget-wrap elementor-element-populated\">\n\t\t\t\t\t\t<div class=\"elementor-element elementor-element-25f854f3 elementor-invisible elementor-widget elementor-widget-heading\" data-id=\"25f854f3\" data-element_type=\"widget\" data-e-type=\"widget\" data-settings=\"{&quot;_animation&quot;:&quot;fadeIn&quot;}\" data-widget_type=\"heading.default\">\n\t\t\t\t<div class=\"elementor-widget-container\">\n\t\t\t\t\t<h2 class=\"elementor-heading-title elementor-size-default\">MORRIS 1100<\/h2>\t\t\t\t<\/div>\n\t\t\t\t<\/div>\n\t\t\t\t<div class=\"elementor-element elementor-element-e79f99f elementor-widget__width-initial elementor-align-start elementor-icon-list--layout-traditional elementor-list-item-link-full_width elementor-widget elementor-widget-icon-list\" data-id=\"e79f99f\" data-element_type=\"widget\" data-e-type=\"widget\" data-widget_type=\"icon-list.default\">\n\t\t\t\t<div class=\"elementor-widget-container\">\n\t\t\t\t\t\t\t<ul class=\"elementor-icon-list-items\">\n\t\t\t\t\t\t\t<li class=\"elementor-icon-list-item\">\n\t\t\t\t\t\t\t\t\t\t<span class=\"elementor-icon-list-text\">PRECIO: 5.500\u20ac<\/span>\n\t\t\t\t\t\t\t\t\t<\/li>\n\t\t\t\t\t\t\t\t<li class=\"elementor-icon-list-item\">\n\t\t\t\t\t\t\t\t\t\t<span class=\"elementor-icon-list-text\">A\u00d1O FABRICACI\u00d3N: 1968<\/span>\n\t\t\t\t\t\t\t\t\t<\/li>\n\t\t\t\t\t\t\t\t<li class=\"elementor-icon-list-item\">\n\t\t\t\t\t\t\t\t\t\t<span class=\"elementor-icon-list-text\">DOCUMENTACI\u00d3N EN REGLA<\/span>\n\t\t\t\t\t\t\t\t\t<\/li>\n\t\t\t\t\t\t\t\t<li class=\"elementor-icon-list-item\">\n\t\t\t\t\t\t\t\t\t\t<span class=\"elementor-icon-list-text\">MOTOR: 4 CILINDRES TRANSVERSALS<\/span>\n\t\t\t\t\t\t\t\t\t<\/li>\n\t\t\t\t\t\t\t\t<li class=\"elementor-icon-list-item\">\n\t\t\t\t\t\t\t\t\t\t<span class=\"elementor-icon-list-text\">POT\u00c9NCIA: 50 CV<\/span>\n\t\t\t\t\t\t\t\t\t<\/li>\n\t\t\t\t\t\t\t\t<li class=\"elementor-icon-list-item\">\n\t\t\t\t\t\t\t\t\t\t<span class=\"elementor-icon-list-text\">CAMBIO MANUAL 4 VELOCIDADES<\/span>\n\t\t\t\t\t\t\t\t\t<\/li>\n\t\t\t\t\t\t\t\t<li class=\"elementor-icon-list-item\">\n\t\t\t\t\t\t\t\t\t\t<span class=\"elementor-icon-list-text\">COMBUSTIBLE: GASOLINA CON PLOMO<\/span>\n\t\t\t\t\t\t\t\t\t<\/li>\n\t\t\t\t\t\t<\/ul>\n\t\t\t\t\t\t<\/div>\n\t\t\t\t<\/div>\n\t\t\t\t<div class=\"elementor-element elementor-element-3507f17 elementor-align-left elementor-widget elementor-widget-button\" data-id=\"3507f17\" data-element_type=\"widget\" data-e-type=\"widget\" data-widget_type=\"button.default\">\n\t\t\t\t<div class=\"elementor-widget-container\">\n\t\t\t\t\t\t\t\t\t<div class=\"elementor-button-wrapper\">\n\t\t\t\t\t<a class=\"elementor-button elementor-button-link elementor-size-sm\" href=\"#\">\n\t\t\t\t\t\t<span class=\"elementor-button-content-wrapper\">\n\t\t\t\t\t\t\t\t\t<span class=\"elementor-button-text\">CONTACTAR<\/span>\n\t\t\t\t\t<\/span>\n\t\t\t\t\t<\/a>\n\t\t\t\t<\/div>\n\t\t\t\t\t\t\t\t<\/div>\n\t\t\t\t<\/div>\n\t\t\t\t\t<\/div>\n\t\t<\/div>\n\t\t\t\t\t<\/div>\n\t\t<\/section>\n\t\t<div class=\"has_eae_slider elementor-element elementor-element-42d03bf e-flex e-con-boxed wpr-particle-no wpr-jarallax-no wpr-parallax-no wpr-sticky-section-no wpr-equal-height-no e-con e-parent\" data-eae-slider=\"21540\" data-id=\"42d03bf\" data-element_type=\"container\" data-e-type=\"container\" data-settings=\"{&quot;background_background&quot;:&quot;classic&quot;}\">\n\t\t\t\t\t<div class=\"e-con-inner\">\n\t\t<div class=\"has_eae_slider elementor-element elementor-element-f67cf2e e-con-full e-flex wpr-particle-no wpr-jarallax-no wpr-parallax-no wpr-sticky-section-no wpr-equal-height-no e-con e-child\" data-eae-slider=\"21569\" data-id=\"f67cf2e\" data-element_type=\"container\" data-e-type=\"container\">\n\t\t\t\t<div class=\"elementor-element elementor-element-9ed819b elementor-invisible elementor-widget elementor-widget-heading\" data-id=\"9ed819b\" data-element_type=\"widget\" data-e-type=\"widget\" data-settings=\"{&quot;_animation&quot;:&quot;fadeIn&quot;}\" data-widget_type=\"heading.default\">\n\t\t\t\t<div class=\"elementor-widget-container\">\n\t\t\t\t\t<h2 class=\"elementor-heading-title elementor-size-default\">MORRIS 1100<\/h2>\t\t\t\t<\/div>\n\t\t\t\t<\/div>\n\t\t\t\t<div class=\"elementor-element elementor-element-e41c87c elementor-widget__width-initial elementor-widget elementor-widget-text-editor\" data-id=\"e41c87c\" data-element_type=\"widget\" data-e-type=\"widget\" data-widget_type=\"text-editor.default\">\n\t\t\t\t<div class=\"elementor-widget-container\">\n\t\t\t\t\t\t\t\t\t<p>No quer\u00eda verlo, mi primo siempre quer\u00eda fardar delante de m\u00ed.<br \/>Mi madre me dijo que su padre se hab\u00eda cambiado el coche y hab\u00eda comprado un Morris de color rojo.<br \/>Finalmente, un d\u00eda vinieron a casa con ese coche, que me dej\u00f3 paralizado. <br \/>Nunca hab\u00eda visto un dise\u00f1o tan moderno y tan guapo como aqu\u00e9l.<br \/>El Morris 1100 es una obra de Ingenier\u00eda de la British Motor Corporation de los a\u00f1os sesenta, fabricada en Pamplona con un dise\u00f1o vanguardista para aquella \u00e9poca.<br \/>Entre los 60 y 70 fue uno de los veh\u00edculos familiares m\u00e1s popular.<br \/>El coche es del a\u00f1o 1968, tiene 5 puertas y 5 plazas.<br \/>Como se puede ver en la foto, el coche por fuera est\u00e1 en muy buen estado y conserva el color original.<br \/>La parte mec\u00e1nica ha sido repasada, sustituidos todos aquellos elementos rotos y repasadas todas aquellas piezas que lo requer\u00edan.<br \/>En el interior, el tablier es elegante de madera de nogal con detalles cromados.<br \/>Una de las caracter\u00edsticas que le hace singular al veh\u00edculo es su suspensi\u00f3n hydrol\u00e1stica, que consiste en unos muelles hidr\u00e1ulicos intercomunicados entre los ejes que proporcionan una suavidad notable en terrenos escabrosos.<br \/>La tracci\u00f3n es delantera y el cambio es manual de 4 velocidades.<br \/>El motor de gasolina con plomo, de 1098 CC, situado en la parte delantera, es de 4 cilindros transversales, desarrolla una potencia de 50CV a 5.100 rpm y consigue una velocidad de 120 km\/h.<br \/>La capacidad del dep\u00f3sito de gasolina es de 36 litros y tiene un consumo medio de 7 litros a 100 km.<\/p>\t\t\t\t\t\t\t\t<\/div>\n\t\t\t\t<\/div>\n\t\t\t\t<\/div>\n\t\t\t\t\t<\/div>\n\t\t\t\t<\/div>\n\t\t\t\t<\/div>","protected":false},"excerpt":{"rendered":"<p>MORRIS 1100 PREU: 5.500 \u20ac ANY FABRICACI\u00d3: 1968 DOCUMENTACI\u00d3 EN REGLA MOTOR: 4 CILINDRES TRANSVERSALS POT\u00c8NCIA: 50CV CANVI MANUAL 4 VELOCITATS COMBUSTIBLE: BENZINA AMB PLOM CONTACTAR MORRIS 1100 No el volia veure, el meu cos\u00ed sempre volia fardar davant meu.La mare em va dir que el seu pare s\u2019havia canviat el cotxe i havia comprat un Morris de color vermell.Finalment, un dia van venir a casa en aquell cotxe, que em va deixar paralitzat. Mai havia vist un disseny tant modern i tan guapo com aquell.El Morris 1100 \u00e9s una obra d\u2019Enginyeria de la British Motor Corporation dels anys seixanta, fabricada a Pamplona amb un disseny avantguardista per aquella \u00e8poca.Entre els anys 60 i 70 va ser un dels vehicles familiars m\u00e9s popular.El cotxe \u00e9s de l&#8217;any 1968, t\u00e9 5 portes i 5 places.Com podeu veure a la foto, el cotxe per fora est\u00e0 en molt bon estat i conserva el color original.La part mec\u00e0nica ha estat repassada, substituint tots aquells elements trencats i repassades totes aquelles peces que ho requerien.En l\u2019interior, el tablier \u00e9s elegant de fusta de noguera amb detalls cromats.Una de les caracter\u00edstiques que el fa singular el vehicle \u00e9s la seva suspensi\u00f3 hydrol\u00e0stica, que consisteix en unes molles hidr\u00e0uliques intercomunicades entre els eixos que proporcionen una suavitat notable en terrenys escabrosos.La tracci\u00f3 \u00e9s davantera i el canvi \u00e9s manuals de 4 velocitats.El motor\u00a0de benzina amb plom, de 1098 CC, situat a la part del davant, \u00e9s de 4 cilindres transversals, desenvolupa\u00a0una\u00a0pot\u00e8ncia\u00a0de\u00a050\u202fCV\u00a0a 5.100\u00a0rpm\u00a0i aconsegueix una\u00a0velocitat\u00a0de 120 km\/h.La capacitat del dip\u00f2sit de benzina \u00e9s de 36 litres i t\u00e9 un consum mitj\u00e0 de 7 litres als 100 km.<\/p>","protected":false},"author":2,"featured_media":0,"parent":1416,"menu_order":0,"comment_status":"closed","ping_status":"closed","template":"elementor_header_footer","meta":{"footnotes":""},"class_list":["post-1653","page","type-page","status-publish","hentry"],"yoast_head":"<!-- This site is optimized with the Yoast SEO plugin v27.3 - https:\/\/yoast.com\/product\/yoast-seo-wordpress\/ -->\n<title>MORRIS 1100 &#8211; Suspensi\u00f3n HIDROL\u00c1STICA &#8211; Color Rojo<\/title>\n<meta name=\"description\" content=\"Venta Coche Cl\u00e1sico MORRIS 1100 &#8211; A\u00f1o 1968 &#8211; 5 Puertas &#8211; 5.500\u20ac &#8211; Revisado y listo para circular &#8211; ITV Pasada y Papeles en Regla\" \/>\n<meta name=\"robots\" content=\"index, follow, max-snippet:-1, max-image-preview:large, max-video-preview:-1\" \/>\n<link rel=\"canonical\" href=\"https:\/\/classic2you.com\/es\/inicio\/catalogo\/morris-1100\/\" \/>\n<meta property=\"og:locale\" content=\"es_ES\" \/>\n<meta property=\"og:type\" content=\"article\" \/>\n<meta property=\"og:title\" content=\"MORRIS 1100 &#8211; Suspensi\u00f3n HIDROL\u00c1STICA &#8211; Color Rojo\" \/>\n<meta property=\"og:description\" content=\"Venta Coche Cl\u00e1sico MORRIS 1100 &#8211; A\u00f1o 1968 &#8211; 5 Puertas &#8211; 5.500\u20ac &#8211; Revisado y listo para circular &#8211; ITV Pasada y Papeles en Regla\" \/>\n<meta property=\"og:url\" content=\"https:\/\/classic2you.com\/es\/inicio\/catalogo\/morris-1100\/\" \/>\n<meta property=\"og:site_name\" content=\"Classic2you\" \/>\n<meta property=\"article:publisher\" content=\"https:\/\/www.facebook.com\/XavierFerranA\" \/>\n<meta property=\"article:modified_time\" content=\"2025-05-14T10:57:23+00:00\" \/>\n<meta property=\"og:image\" content=\"https:\/\/classic2you.com\/wp-content\/uploads\/2024\/03\/500x500.png\" \/>\n\t<meta property=\"og:image:width\" content=\"500\" \/>\n\t<meta property=\"og:image:height\" content=\"500\" \/>\n\t<meta property=\"og:image:type\" content=\"image\/png\" \/>\n<meta name=\"twitter:card\" content=\"summary_large_image\" \/>\n<meta name=\"twitter:label1\" content=\"Tiempo de lectura\" \/>\n\t<meta name=\"twitter:data1\" content=\"2 minutos\" \/>\n<script type=\"application\/ld+json\" class=\"yoast-schema-graph\">{\"@context\":\"https:\\\/\\\/schema.org\",\"@graph\":[{\"@type\":\"WebPage\",\"@id\":\"https:\\\/\\\/classic2you.com\\\/inicio\\\/catalogo\\\/morris-1100\\\/\",\"url\":\"https:\\\/\\\/classic2you.com\\\/inicio\\\/catalogo\\\/morris-1100\\\/\",\"name\":\"MORRIS 1100 &#8211; Suspensi\u00f3n HIDROL\u00c1STICA &#8211; Color Rojo\",\"isPartOf\":{\"@id\":\"https:\\\/\\\/classic2you.com\\\/#website\"},\"datePublished\":\"2025-02-20T17:16:04+00:00\",\"dateModified\":\"2025-05-14T10:57:23+00:00\",\"description\":\"Venta Coche Cl\u00e1sico MORRIS 1100 &#8211; A\u00f1o 1968 &#8211; 5 Puertas &#8211; 5.500\u20ac &#8211; Revisado y listo para circular &#8211; ITV Pasada y Papeles en Regla\",\"breadcrumb\":{\"@id\":\"https:\\\/\\\/classic2you.com\\\/inicio\\\/catalogo\\\/morris-1100\\\/#breadcrumb\"},\"inLanguage\":\"es\",\"potentialAction\":[{\"@type\":\"ReadAction\",\"target\":[\"https:\\\/\\\/classic2you.com\\\/inicio\\\/catalogo\\\/morris-1100\\\/\"]}]},{\"@type\":\"BreadcrumbList\",\"@id\":\"https:\\\/\\\/classic2you.com\\\/inicio\\\/catalogo\\\/morris-1100\\\/#breadcrumb\",\"itemListElement\":[{\"@type\":\"ListItem\",\"position\":1,\"name\":\"Home\",\"item\":\"https:\\\/\\\/classic2you.com\\\/\"},{\"@type\":\"ListItem\",\"position\":2,\"name\":\"Inicio\",\"item\":\"https:\\\/\\\/classic2you.com\\\/\"},{\"@type\":\"ListItem\",\"position\":3,\"name\":\"Cat\u00e1logo\",\"item\":\"https:\\\/\\\/classic2you.com\\\/inicio\\\/catalogo\\\/\"},{\"@type\":\"ListItem\",\"position\":4,\"name\":\"MORRIS 1100\"}]},{\"@type\":\"WebSite\",\"@id\":\"https:\\\/\\\/classic2you.com\\\/#website\",\"url\":\"https:\\\/\\\/classic2you.com\\\/\",\"name\":\"Classic2you\",\"description\":\"Venta de Coches Cl\u00e1sicos\",\"publisher\":{\"@id\":\"https:\\\/\\\/classic2you.com\\\/#organization\"},\"alternateName\":\"Classic2You\",\"potentialAction\":[{\"@type\":\"SearchAction\",\"target\":{\"@type\":\"EntryPoint\",\"urlTemplate\":\"https:\\\/\\\/classic2you.com\\\/?s={search_term_string}\"},\"query-input\":{\"@type\":\"PropertyValueSpecification\",\"valueRequired\":true,\"valueName\":\"search_term_string\"}}],\"inLanguage\":\"es\"},{\"@type\":\"Organization\",\"@id\":\"https:\\\/\\\/classic2you.com\\\/#organization\",\"name\":\"Classic2you\",\"url\":\"https:\\\/\\\/classic2you.com\\\/\",\"logo\":{\"@type\":\"ImageObject\",\"inLanguage\":\"es\",\"@id\":\"https:\\\/\\\/classic2you.com\\\/#\\\/schema\\\/logo\\\/image\\\/\",\"url\":\"https:\\\/\\\/classic2you.com\\\/wp-content\\\/uploads\\\/2024\\\/04\\\/Untitled-1.png\",\"contentUrl\":\"https:\\\/\\\/classic2you.com\\\/wp-content\\\/uploads\\\/2024\\\/04\\\/Untitled-1.png\",\"width\":304,\"height\":230,\"caption\":\"Classic2you\"},\"image\":{\"@id\":\"https:\\\/\\\/classic2you.com\\\/#\\\/schema\\\/logo\\\/image\\\/\"},\"sameAs\":[\"https:\\\/\\\/www.facebook.com\\\/XavierFerranA\",\"https:\\\/\\\/www.youtube.com\\\/channel\\\/UCwwCuVEeh8JOTXaPHMXiIBg\",\"https:\\\/\\\/www.instagram.com\\\/classic2you\\\/\"]}]}<\/script>\n<!-- \/ Yoast SEO plugin. -->","yoast_head_json":{"title":"MORRIS 1100 &#8211; Suspensi\u00f3n HIDROL\u00c1STICA &#8211; Color Rojo","description":"Venta Coche Cl\u00e1sico MORRIS 1100 &#8211; A\u00f1o 1968 &#8211; 5 Puertas &#8211; 5.500\u20ac &#8211; Revisado y listo para circular &#8211; ITV Pasada y Papeles en Regla","robots":{"index":"index","follow":"follow","max-snippet":"max-snippet:-1","max-image-preview":"max-image-preview:large","max-video-preview":"max-video-preview:-1"},"canonical":"https:\/\/classic2you.com\/es\/inicio\/catalogo\/morris-1100\/","og_locale":"es_ES","og_type":"article","og_title":"MORRIS 1100 &#8211; Suspensi\u00f3n HIDROL\u00c1STICA &#8211; Color Rojo","og_description":"Venta Coche Cl\u00e1sico MORRIS 1100 &#8211; A\u00f1o 1968 &#8211; 5 Puertas &#8211; 5.500\u20ac &#8211; Revisado y listo para circular &#8211; ITV Pasada y Papeles en Regla","og_url":"https:\/\/classic2you.com\/es\/inicio\/catalogo\/morris-1100\/","og_site_name":"Classic2you","article_publisher":"https:\/\/www.facebook.com\/XavierFerranA","article_modified_time":"2025-05-14T10:57:23+00:00","og_image":[{"width":500,"height":500,"url":"https:\/\/classic2you.com\/wp-content\/uploads\/2024\/03\/500x500.png","type":"image\/png"}],"twitter_card":"summary_large_image","twitter_misc":{"Tiempo de lectura":"2 minutos"},"schema":{"@context":"https:\/\/schema.org","@graph":[{"@type":"WebPage","@id":"https:\/\/classic2you.com\/inicio\/catalogo\/morris-1100\/","url":"https:\/\/classic2you.com\/inicio\/catalogo\/morris-1100\/","name":"MORRIS 1100 &#8211; Suspensi\u00f3n HIDROL\u00c1STICA &#8211; Color Rojo","isPartOf":{"@id":"https:\/\/classic2you.com\/#website"},"datePublished":"2025-02-20T17:16:04+00:00","dateModified":"2025-05-14T10:57:23+00:00","description":"Venta Coche Cl\u00e1sico MORRIS 1100 &#8211; A\u00f1o 1968 &#8211; 5 Puertas &#8211; 5.500\u20ac &#8211; Revisado y listo para circular &#8211; ITV Pasada y Papeles en Regla","breadcrumb":{"@id":"https:\/\/classic2you.com\/inicio\/catalogo\/morris-1100\/#breadcrumb"},"inLanguage":"es","potentialAction":[{"@type":"ReadAction","target":["https:\/\/classic2you.com\/inicio\/catalogo\/morris-1100\/"]}]},{"@type":"BreadcrumbList","@id":"https:\/\/classic2you.com\/inicio\/catalogo\/morris-1100\/#breadcrumb","itemListElement":[{"@type":"ListItem","position":1,"name":"Home","item":"https:\/\/classic2you.com\/"},{"@type":"ListItem","position":2,"name":"Inicio","item":"https:\/\/classic2you.com\/"},{"@type":"ListItem","position":3,"name":"Cat\u00e1logo","item":"https:\/\/classic2you.com\/inicio\/catalogo\/"},{"@type":"ListItem","position":4,"name":"MORRIS 1100"}]},{"@type":"WebSite","@id":"https:\/\/classic2you.com\/#website","url":"https:\/\/classic2you.com\/","name":"Classic2you","description":"Venta de Coches Cl\u00e1sicos","publisher":{"@id":"https:\/\/classic2you.com\/#organization"},"alternateName":"Classic2You","potentialAction":[{"@type":"SearchAction","target":{"@type":"EntryPoint","urlTemplate":"https:\/\/classic2you.com\/?s={search_term_string}"},"query-input":{"@type":"PropertyValueSpecification","valueRequired":true,"valueName":"search_term_string"}}],"inLanguage":"es"},{"@type":"Organization","@id":"https:\/\/classic2you.com\/#organization","name":"Classic2you","url":"https:\/\/classic2you.com\/","logo":{"@type":"ImageObject","inLanguage":"es","@id":"https:\/\/classic2you.com\/#\/schema\/logo\/image\/","url":"https:\/\/classic2you.com\/wp-content\/uploads\/2024\/04\/Untitled-1.png","contentUrl":"https:\/\/classic2you.com\/wp-content\/uploads\/2024\/04\/Untitled-1.png","width":304,"height":230,"caption":"Classic2you"},"image":{"@id":"https:\/\/classic2you.com\/#\/schema\/logo\/image\/"},"sameAs":["https:\/\/www.facebook.com\/XavierFerranA","https:\/\/www.youtube.com\/channel\/UCwwCuVEeh8JOTXaPHMXiIBg","https:\/\/www.instagram.com\/classic2you\/"]}]}},"rttpg_featured_image_url":null,"rttpg_author":{"display_name":"Jose","author_link":"https:\/\/classic2you.com\/es\/author\/jose\/"},"rttpg_comment":0,"rttpg_category":null,"rttpg_excerpt":"MORRIS 1100 PREU: 5.500 \u20ac ANY FABRICACI\u00d3: 1968 DOCUMENTACI\u00d3 EN REGLA MOTOR: 4 CILINDRES TRANSVERSALS POT\u00c8NCIA: 50CV CANVI MANUAL 4 VELOCITATS COMBUSTIBLE: BENZINA AMB PLOM CONTACTAR MORRIS 1100 No el volia veure, el meu cos\u00ed sempre volia fardar davant meu.La mare em va dir que el seu pare s\u2019havia canviat el cotxe i havia comprat&hellip;","_links":{"self":[{"href":"https:\/\/classic2you.com\/es\/wp-json\/wp\/v2\/pages\/1653","targetHints":{"allow":["GET"]}}],"collection":[{"href":"https:\/\/classic2you.com\/es\/wp-json\/wp\/v2\/pages"}],"about":[{"href":"https:\/\/classic2you.com\/es\/wp-json\/wp\/v2\/types\/page"}],"author":[{"embeddable":true,"href":"https:\/\/classic2you.com\/es\/wp-json\/wp\/v2\/users\/2"}],"replies":[{"embeddable":true,"href":"https:\/\/classic2you.com\/es\/wp-json\/wp\/v2\/comments?post=1653"}],"version-history":[{"count":5,"href":"https:\/\/classic2you.com\/es\/wp-json\/wp\/v2\/pages\/1653\/revisions"}],"predecessor-version":[{"id":2849,"href":"https:\/\/classic2you.com\/es\/wp-json\/wp\/v2\/pages\/1653\/revisions\/2849"}],"up":[{"embeddable":true,"href":"https:\/\/classic2you.com\/es\/wp-json\/wp\/v2\/pages\/1416"}],"wp:attachment":[{"href":"https:\/\/classic2you.com\/es\/wp-json\/wp\/v2\/media?parent=1653"}],"curies":[{"name":"wp","href":"https:\/\/api.w.org\/{rel}","templated":true}]}}